{"id":11,"date":"2015-05-04T14:10:56","date_gmt":"2015-05-04T14:10:56","guid":{"rendered":"https:\/\/ww2.fjeldskaar.com\/?page_id=11"},"modified":"2020-12-27T00:03:21","modified_gmt":"2020-12-26T23:03:21","slug":"willys-slekt","status":"publish","type":"page","link":"https:\/\/ww2.fjeldskaar.com\/index.php\/willys-slekt\/","title":{"rendered":"Willys aner"},"content":{"rendered":"<div class=\"pdfprnt-buttons pdfprnt-buttons-page pdfprnt-top-right\"><a href=\"https:\/\/ww2.fjeldskaar.com\/index.php\/wp-json\/wp\/v2\/pages\/11?print=pdf\" class=\"pdfprnt-button pdfprnt-button-pdf\" target=\"_blank\"><img decoding=\"async\" src=\"https:\/\/ww2.fjeldskaar.com\/wp-content\/plugins\/pdf-print\/images\/pdf.png\" alt=\"image_pdf\" title=\"View PDF\" \/><\/a><a href=\"https:\/\/ww2.fjeldskaar.com\/index.php\/wp-json\/wp\/v2\/pages\/11?print=print\" class=\"pdfprnt-button pdfprnt-button-print\" target=\"_blank\"><img decoding=\"async\" src=\"https:\/\/ww2.fjeldskaar.com\/wp-content\/plugins\/pdf-print\/images\/print.png\" alt=\"image_print\" title=\"Print Content\" \/><\/a><\/div><p>&nbsp;<\/p>\n<p style=\"text-align: center;\"><a href=\"https:\/\/ww2.fjeldskaar.com\/wp-content\/uploads\/2020\/12\/anerW.png\"><img loading=\"lazy\" decoding=\"async\" class=\"alignnone wp-image-8414\" src=\"https:\/\/ww2.fjeldskaar.com\/wp-content\/uploads\/2020\/12\/anerW.png\" alt=\"\" width=\"420\" height=\"331\" srcset=\"https:\/\/ww2.fjeldskaar.com\/wp-content\/uploads\/2020\/12\/anerW.png 1280w, https:\/\/ww2.fjeldskaar.com\/wp-content\/uploads\/2020\/12\/anerW-300x237.png 300w, https:\/\/ww2.fjeldskaar.com\/wp-content\/uploads\/2020\/12\/anerW-768x606.png 768w\" sizes=\"(max-width: 420px) 100vw, 420px\" \/><\/a><\/p>\n<p style=\"text-align: center;\"><a href=\"https:\/\/ww2.fjeldskaar.com\/wp-content\/uploads\/2020\/11\/willychart.png\"><img loading=\"lazy\" decoding=\"async\" class=\"alignnone wp-image-8086\" src=\"https:\/\/ww2.fjeldskaar.com\/wp-content\/uploads\/2020\/11\/willychart.png\" alt=\"\" width=\"582\" height=\"261\" srcset=\"https:\/\/ww2.fjeldskaar.com\/wp-content\/uploads\/2020\/11\/willychart.png 4782w, https:\/\/ww2.fjeldskaar.com\/wp-content\/uploads\/2020\/11\/willychart-300x135.png 300w, https:\/\/ww2.fjeldskaar.com\/wp-content\/uploads\/2020\/11\/willychart-768x344.png 768w, https:\/\/ww2.fjeldskaar.com\/wp-content\/uploads\/2020\/11\/willychart-1536x689.png 1536w, https:\/\/ww2.fjeldskaar.com\/wp-content\/uploads\/2020\/11\/willychart-2048x919.png 2048w\" sizes=\"(max-width: 582px) 100vw, 582px\" \/><\/a><\/p>\n<p style=\"text-align: center;\">Her f\u00f8lger info om<\/p>\n<p><span style=\"color: #f7efd0;\">.<\/span><\/p>\n<h2><span style=\"color: #806239;\"><strong><span style=\"font-size: 24pt;\">1) <\/span><a style=\"color: #806239; text-decoration: underline;\" href=\"https:\/\/ww2.fjeldskaar.com\/?p=100\"><span style=\"font-size: 24pt;\">Fjeldskaar-slekten<\/span><\/a><\/strong><\/span><\/h2>\n<p style=\"padding-left: 120px;\">(William Fjeldskaar) \u00a0\u00a0<a href=\"http:\/\/wp.me\/P6aoJ2-3d\"><img loading=\"lazy\" decoding=\"async\" src=\"https:\/\/ww2.fjeldskaar.com\/wp-content\/uploads\/2015\/05\/william.jpg\" alt=\"william\" width=\"50\" height=\"81\" \/><\/a><\/p>\n<p>Mine forfedre p\u00e5 fars-siden (far; William Fjeldskaar)<\/p>\n<ul>\n<li>mine oldeforeldre Karen Gurine Berntsdtr Ims\u00f8y (f. 1856) og Johan Enok Villumsen Fjeldskaar (f. 1853) fra Spangereid (Lindesnes) og deres etterkommere.<\/li>\n<li>mine oldeforeldre Tomine S\u00f8rensdtr Eidet (f. 1860) og Aanen Aanensen \u00f8vre \u00d8idne (f. 1852). Hun var ogs\u00e5 fra Spangereid, han fra Grinnem i Audnedal.<\/li>\n<li>og en del om slektene bakover &#8211; helt tilbake til Erling Skjalgsson og Horda-K\u00e5re (som levde p\u00e5 800-tallet), ja muligens helt tilbake til Rolf i Berg som m\u00e5 ha levd p\u00e5 600-tallet. Her er mye spennende. Bare se selv !<\/li>\n<\/ul>\n<p style=\"text-align: center;\">\u00a0 \u00a0<img loading=\"lazy\" decoding=\"async\" src=\"https:\/\/ww2.fjeldskaar.com\/wp-content\/uploads\/2015\/05\/lindesnes1-300x226.jpg\" alt=\"lindesnes1\" width=\"285\" height=\"215\" \/>\u00a0 \u00a0<img loading=\"lazy\" decoding=\"async\" src=\"https:\/\/ww2.fjeldskaar.com\/wp-content\/uploads\/2015\/05\/lindesnes2-300x215.jpg\" alt=\"lindesnes2\" width=\"300\" height=\"215\" \/>\u00a0Lindesnes<\/p>\n<p><span style=\"color: #f7efd0;\">\u00a0<\/span><\/p>\n<p style=\"text-align: center;\"><span style=\"color: #f7efd0;\"><span style=\"text-align: center;\">.<\/span>.<\/span><span style=\"color: #f7efd0;\"><span style=\"color: #333333;\"><a href=\"https:\/\/ww2.fjeldskaar.com\/wp-content\/uploads\/2020\/11\/output-onlinepngtools-2020-11-06T195306.414.png\"><img loading=\"lazy\" decoding=\"async\" class=\"wp-image-8049 aligncenter\" src=\"https:\/\/ww2.fjeldskaar.com\/wp-content\/uploads\/2020\/11\/output-onlinepngtools-2020-11-06T195306.414.png\" alt=\"\" width=\"600\" height=\"388\" srcset=\"https:\/\/ww2.fjeldskaar.com\/wp-content\/uploads\/2020\/11\/output-onlinepngtools-2020-11-06T195306.414.png 4800w, https:\/\/ww2.fjeldskaar.com\/wp-content\/uploads\/2020\/11\/output-onlinepngtools-2020-11-06T195306.414-300x194.png 300w, https:\/\/ww2.fjeldskaar.com\/wp-content\/uploads\/2020\/11\/output-onlinepngtools-2020-11-06T195306.414-768x496.png 768w, https:\/\/ww2.fjeldskaar.com\/wp-content\/uploads\/2020\/11\/output-onlinepngtools-2020-11-06T195306.414-1536x992.png 1536w, https:\/\/ww2.fjeldskaar.com\/wp-content\/uploads\/2020\/11\/output-onlinepngtools-2020-11-06T195306.414-2048x1323.png 2048w\" sizes=\"(max-width: 600px) 100vw, 600px\" \/><\/a><\/span><\/span><\/p>\n<p style=\"text-align: center;\"><span style=\"color: #f7efd0;\"><span style=\"color: #333333;\">William Fjeldskaars aner (trykk for \u00e5 se st\u00f8rre bilde)<\/span><\/span><\/p>\n<p><span style=\"color: #f7efd0;\">.<\/span><\/p>\n<p><span style=\"color: #f7efd0;\">.<\/span><\/p>\n<h2><strong><a style=\"color: #993300; text-decoration: underline;\" href=\"http:\/\/wp.me\/P6aoJ2-7F\"><span style=\"font-size: 24pt;\"><span style=\"color: #806239; text-decoration: underline;\">2) Andersen-slekten<\/span><\/span><\/a><\/strong><\/h2>\n<p style=\"padding-left: 120px;\">(Ingjerd f. Andersen) \u00a0<a href=\"http:\/\/wp.me\/P6aoJ2-8b\"><img loading=\"lazy\" decoding=\"async\" src=\"https:\/\/ww2.fjeldskaar.com\/wp-content\/uploads\/2015\/05\/ingjerd.jpg\" alt=\"ingjerd\" width=\"60\" height=\"104\" \/><\/a><\/p>\n<p dir=\"ltr\">Mine forfedre p\u00e5 mors-siden (mor; Ingjerd f. Andersen)<\/p>\n<ul>\n<li>mine tippoldeforeldre Pernille Thorsdatter (f. 1829) fra Ringsaker (Hedmark) og Mathias Andersen (f. 1823) fra Erlandsr\u00f6d ved Str\u00f6mstad (Sverige) og deres etterkommere. Det meste av slektsgranskingen er gjort av onkel Hans (Andersen) og utgitt i boken &laquo;Slekten Andersen Larvik&raquo; (1986), som er \u00e5 finne <strong><span style=\"color: #0000ff;\"><a style=\"color: #0000ff;\" href=\"https:\/\/www.nb.no\/items\/URN:NBN:no-nb_digibok_2011062805029\">her<\/a><\/span><\/strong>.<\/li>\n<li>mine oldeforeldre Gusta Marie Pettersen og Hans J\u00f8rgen Thorsen fra Larvik. Gusta Marie ble tidlig enke, da Hans J\u00f8rgen d\u00f8de p\u00e5 sj\u00f8en.<\/li>\n<li>og en del om slektene bakover i tid &#8211; tilbake til Barbro Larsdatter (f\u00f8dt i Sverige), som er min 4 ganger tippoldemor.<\/li>\n<\/ul>\n<p style=\"text-align: center;\"><img loading=\"lazy\" decoding=\"async\" src=\"https:\/\/ww2.fjeldskaar.com\/wp-content\/uploads\/2015\/05\/larvik_1.jpg\" alt=\"larvik_1\" width=\"285\" height=\"177\" \/><img loading=\"lazy\" decoding=\"async\" class=\"alignnone size-full wp-image-7405\" src=\"https:\/\/ww2.fjeldskaar.com\/wp-content\/uploads\/2020\/08\/output-onlinepngtools-2020-08-28T204850.858.png\" alt=\"\" width=\"120\" height=\"51\" \/><\/p>\n<p>&nbsp;<\/p>\n<p style=\"text-align: center;\"><span style=\"color: #f7efd0;\"><a href=\"https:\/\/ww2.fjeldskaar.com\/wp-content\/uploads\/2020\/11\/output-onlinepngtools-2020-11-06T195844.533.png\"><img loading=\"lazy\" decoding=\"async\" class=\"alignnone wp-image-8052\" src=\"https:\/\/ww2.fjeldskaar.com\/wp-content\/uploads\/2020\/11\/output-onlinepngtools-2020-11-06T195844.533.png\" alt=\"\" width=\"600\" height=\"388\" srcset=\"https:\/\/ww2.fjeldskaar.com\/wp-content\/uploads\/2020\/11\/output-onlinepngtools-2020-11-06T195844.533.png 4800w, https:\/\/ww2.fjeldskaar.com\/wp-content\/uploads\/2020\/11\/output-onlinepngtools-2020-11-06T195844.533-300x194.png 300w, https:\/\/ww2.fjeldskaar.com\/wp-content\/uploads\/2020\/11\/output-onlinepngtools-2020-11-06T195844.533-768x496.png 768w, https:\/\/ww2.fjeldskaar.com\/wp-content\/uploads\/2020\/11\/output-onlinepngtools-2020-11-06T195844.533-1536x992.png 1536w, https:\/\/ww2.fjeldskaar.com\/wp-content\/uploads\/2020\/11\/output-onlinepngtools-2020-11-06T195844.533-2048x1323.png 2048w\" sizes=\"(max-width: 600px) 100vw, 600px\" \/><\/a>.<\/span><\/p>\n<p style=\"text-align: center;\">Ingjerd Andersens aner (trykk for \u00e5 se st\u00f8rre bilde)<\/p>\n<p>&nbsp;<\/p>\n<p>&nbsp;<\/p>\n<p>&nbsp;<\/p>\n<p>&nbsp;<\/p>\n<p><a href=\"https:\/\/ww2.fjeldskaar.com\/wp-content\/uploads\/2015\/05\/usa3.gif\"><img loading=\"lazy\" decoding=\"async\" src=\"https:\/\/ww2.fjeldskaar.com\/wp-content\/uploads\/2015\/05\/usa3.gif\" alt=\"usa3\" width=\"68\" height=\"50\" \/><\/a><br \/>\n<span style=\"color: #f7efd0;\">.<\/span><br \/>\nThe info on my ancestors is presented in two parts:<br \/>\n<span style=\"color: #f7efd0;\">.<\/span><br \/>\n1) <strong>the Fjeldskaar family<\/strong> (my father&#8217;s side). This includes my great grandparents Karen Gurine Berntsdtr Ims\u00f8y (born 1856) and Johan Enok Villumsen Fjeldskaar (born 1853) from Spangereid (Lindesnes) and their descendants. And also my great grandmother Tomine S\u00f8rensdtr Eidet (born 1860 on Spangereid) and her husband Aanen Aanensen \u00f8vre \u00d8idne from Audnedal.<br \/>\nWe can also follow the families back more than 1000 years &#8211; to western Norway to Erling Skjalgsson and Horda-K\u00e5re.<\/p>\n<p><span style=\"color: #f7efd0;\">.<\/span><br \/>\n2) <strong>the Andersen family<\/strong> (my mother&#8217;s side) &#8211; my great great grandparents Pernille Thorsdatter (born 1829) from Ringsaker, Hedmark and Mathias Andersen (born 1823) from Erlandsr\u00f6d, Str\u00f6mstad (Sweden) and their descendants. The family research is done by Hans Andersen, and published in the book &laquo;Slekten Andersen Larvik&raquo; (1986).<\/p>\n","protected":false},"excerpt":{"rendered":"<p>&nbsp; Her f\u00f8lger info om . 1) Fjeldskaar-slekten (William Fjeldskaar) \u00a0\u00a0 Mine forfedre p\u00e5 fars-siden (far; William Fjeldskaar) mine oldeforeldre Karen Gurine Berntsdtr Ims\u00f8y (f. 1856) og Johan Enok Villumsen Fjeldskaar (f. 1853) fra Spangereid (Lindesnes) og deres etterkommere. mine oldeforeldre Tomine S\u00f8rensdtr Eidet (f. 1860) og Aanen Aanensen \u00f8vre \u00d8idne (f. 1852). Hun var [&hellip;]<\/p>\n","protected":false},"author":1,"featured_media":0,"parent":0,"menu_order":3,"comment_status":"closed","ping_status":"open","template":"","meta":{"jetpack_post_was_ever_published":false,"footnotes":""},"class_list":["post-11","page","type-page","status-publish","hentry"],"jetpack_sharing_enabled":true,"jetpack_shortlink":"https:\/\/wp.me\/P6aoJ2-b","_links":{"self":[{"href":"https:\/\/ww2.fjeldskaar.com\/index.php\/wp-json\/wp\/v2\/pages\/11"}],"collection":[{"href":"https:\/\/ww2.fjeldskaar.com\/index.php\/wp-json\/wp\/v2\/pages"}],"about":[{"href":"https:\/\/ww2.fjeldskaar.com\/index.php\/wp-json\/wp\/v2\/types\/page"}],"author":[{"embeddable":true,"href":"https:\/\/ww2.fjeldskaar.com\/index.php\/wp-json\/wp\/v2\/users\/1"}],"replies":[{"embeddable":true,"href":"https:\/\/ww2.fjeldskaar.com\/index.php\/wp-json\/wp\/v2\/comments?post=11"}],"version-history":[{"count":103,"href":"https:\/\/ww2.fjeldskaar.com\/index.php\/wp-json\/wp\/v2\/pages\/11\/revisions"}],"predecessor-version":[{"id":8415,"href":"https:\/\/ww2.fjeldskaar.com\/index.php\/wp-json\/wp\/v2\/pages\/11\/revisions\/8415"}],"wp:attachment":[{"href":"https:\/\/ww2.fjeldskaar.com\/index.php\/wp-json\/wp\/v2\/media?parent=11"}],"curies":[{"name":"wp","href":"https:\/\/api.w.org\/{rel}","templated":true}]}}