{"id":406,"date":"2015-05-11T19:27:47","date_gmt":"2015-05-11T19:27:47","guid":{"rendered":"https:\/\/ww2.fjeldskaar.com\/?page_id=406"},"modified":"2020-09-10T22:05:14","modified_gmt":"2020-09-10T20:05:14","slug":"arnfinn","status":"publish","type":"page","link":"https:\/\/ww2.fjeldskaar.com\/index.php\/willys-slekt\/fjeldskaar\/peder-linjen\/villumsen\/besteforeldre\/arnfinn\/","title":{"rendered":"Arnfinn"},"content":{"rendered":"<div class=\"pdfprnt-buttons pdfprnt-buttons-page pdfprnt-top-right\"><a href=\"https:\/\/ww2.fjeldskaar.com\/index.php\/wp-json\/wp\/v2\/pages\/406?print=pdf\" class=\"pdfprnt-button pdfprnt-button-pdf\" target=\"_blank\"><img decoding=\"async\" src=\"https:\/\/ww2.fjeldskaar.com\/wp-content\/plugins\/pdf-print\/images\/pdf.png\" alt=\"image_pdf\" title=\"View PDF\" \/><\/a><a href=\"https:\/\/ww2.fjeldskaar.com\/index.php\/wp-json\/wp\/v2\/pages\/406?print=print\" class=\"pdfprnt-button pdfprnt-button-print\" target=\"_blank\"><img decoding=\"async\" src=\"https:\/\/ww2.fjeldskaar.com\/wp-content\/plugins\/pdf-print\/images\/print.png\" alt=\"image_print\" title=\"Print Content\" \/><\/a><\/div><h1 style=\"text-align: center;\"><span style=\"color: #806239; font-size: 30pt;\">Arnfinn Karl Fjeldsk\u00e5r<\/span><\/h1>\n<p style=\"text-align: center;\"><span style=\"font-size: 14pt;\"><strong>13.06.1917-09.05.1977<\/strong><\/span><\/p>\n<p style=\"text-align: center;\"><img loading=\"lazy\" decoding=\"async\" src=\"https:\/\/ww2.fjeldskaar.com\/wp-content\/uploads\/2015\/05\/File0021b.jpg\" alt=\"File0021b\" width=\"500\" height=\"343\" \/><\/p>\n<p style=\"text-align: center;\"><img loading=\"lazy\" decoding=\"async\" src=\"https:\/\/ww2.fjeldskaar.com\/wp-content\/uploads\/2015\/05\/Bilde4b_11.jpg\" alt=\"Bilde4b_1\" width=\"500\" height=\"321\" \/><br \/>\nArnfinn begynte p\u00e5 Mandal folkeskole i 1924; deretter p\u00e5 Oddernes skole fra h\u00f8sten 1928.<\/p>\n<p style=\"text-align: center;\"><img loading=\"lazy\" decoding=\"async\" src=\"https:\/\/ww2.fjeldskaar.com\/wp-content\/uploads\/2015\/05\/Einar_Arnfinnb.jpg\" alt=\"Einar_Arnfinnb\" width=\"250\" height=\"504\" \/>\u00a0\u00a0<a href=\"https:\/\/ww2.fjeldskaar.com\/wp-content\/uploads\/2015\/05\/1afjeld3.jpg\"><img loading=\"lazy\" decoding=\"async\" src=\"https:\/\/ww2.fjeldskaar.com\/wp-content\/uploads\/2015\/05\/1afjeld3.jpg\" alt=\"\" width=\"493\" height=\"304\" \/><\/a><\/p>\n<p style=\"text-align: center;\"><em>Arnfinn og bror Einar med moren Amalie; trykk p\u00e5 bildet for \u00e5 se stor st\u00f8rrelse.<\/em><\/p>\n<p style=\"text-align: center;\"><a href=\"https:\/\/ww2.fjeldskaar.com\/wp-content\/uploads\/2015\/05\/arnfinn.png\"><img loading=\"lazy\" decoding=\"async\" src=\"https:\/\/ww2.fjeldskaar.com\/wp-content\/uploads\/2015\/05\/arnfinn.png\" alt=\"arnfinn\" width=\"473\" height=\"434\" \/><\/a>\u00a0\u00a0<a href=\"https:\/\/ww2.fjeldskaar.com\/wp-content\/uploads\/2015\/05\/jonasLie3.png\"><img loading=\"lazy\" decoding=\"async\" src=\"https:\/\/ww2.fjeldskaar.com\/wp-content\/uploads\/2015\/05\/jonasLie3.png\" alt=\"jonaslie3\" width=\"352\" height=\"255\" \/><\/a><br \/>\nSkj\u00f8te p\u00e5 &laquo;Birkelund&raquo; (Jonas Lies vei 3) fra Amalie til s\u00f8nnen Arnfinn i 1948.<\/p>\n<p style=\"text-align: center;\"><img loading=\"lazy\" decoding=\"async\" src=\"https:\/\/ww2.fjeldskaar.com\/wp-content\/uploads\/2015\/05\/File0026bb.jpg\" alt=\"File0026bb\" width=\"500\" height=\"506\" \/><\/p>\n<p style=\"text-align: center;\"><img loading=\"lazy\" decoding=\"async\" src=\"https:\/\/ww2.fjeldskaar.com\/wp-content\/uploads\/2015\/05\/File0027b.jpg\" alt=\"File0027b\" width=\"450\" height=\"307\" \/><br \/>\nAmalie, Arnfinn, Clarence, Einar og William<\/p>\n<p style=\"text-align: center;\"><a href=\"https:\/\/ww2.fjeldskaar.com\/wp-content\/uploads\/2015\/05\/File0105B.jpg\"><img loading=\"lazy\" decoding=\"async\" src=\"https:\/\/ww2.fjeldskaar.com\/wp-content\/uploads\/2015\/05\/File0105B.jpg\" alt=\"\" width=\"403\" height=\"260\" \/><\/a><\/p>\n<p style=\"text-align: center;\"><em>Gladys og Arne p\u00e5 bes\u00f8k hos Arnfinn p\u00e5 60-tallet.\u00a0<\/em><\/p>\n<p style=\"text-align: center;\"><img loading=\"lazy\" decoding=\"async\" src=\"https:\/\/ww2.fjeldskaar.com\/wp-content\/uploads\/2015\/05\/Gladys_Arnfinn2.jpg\" alt=\"Gladys_Arnfinn2\" width=\"675\" height=\"394\" \/><br \/>\nGladys og Arnfinn<\/p>\n<p style=\"text-align: center;\"><a href=\"https:\/\/ww2.fjeldskaar.com\/wp-content\/uploads\/2018\/07\/ArnfinnF_Z-314.jpg\"><img loading=\"lazy\" decoding=\"async\" src=\"https:\/\/ww2.fjeldskaar.com\/wp-content\/uploads\/2018\/07\/ArnfinnF_Z-314.jpg\" alt=\"\" width=\"600\" height=\"337\" \/><\/a><\/p>\n<p style=\"text-align: center;\">17.mai-feiring i Nansetveien 66<\/p>\n<p style=\"text-align: center;\"><img loading=\"lazy\" decoding=\"async\" src=\"https:\/\/ww2.fjeldskaar.com\/wp-content\/uploads\/2015\/05\/amalie_Arnfinn.jpg\" alt=\"\" width=\"666\" height=\"428\" \/><br \/>\nAmalie, Arnfinn og Willy<\/p>\n<p style=\"text-align: center;\"><a href=\"https:\/\/ww2.fjeldskaar.com\/wp-content\/uploads\/2015\/05\/IMG_0043.jpg\"><img loading=\"lazy\" decoding=\"async\" src=\"https:\/\/ww2.fjeldskaar.com\/wp-content\/uploads\/2015\/05\/IMG_0043.jpg\" alt=\"\" width=\"537\" height=\"533\" \/><\/a><br \/>\nArnfinn og Eva Marie Johnson gifter seg<\/p>\n<p style=\"text-align: center;\"><img loading=\"lazy\" decoding=\"async\" src=\"https:\/\/ww2.fjeldskaar.com\/wp-content\/uploads\/2015\/05\/arnfinn.jpg\" alt=\"arnfinn\" width=\"200\" height=\"287\" \/><br \/>\nArnfinn gravlegges 18.mai 1977.<\/p>\n<p>&nbsp;<\/p>\n<h1 style=\"text-align: center;\"><span style=\"color: #806239;\">Eva Marie Johnson<\/span><\/h1>\n<p>&nbsp;<\/p>\n<p>Arnfinn giftet seg med Eva Marie Johnson i 1967. Eva Maries foreldre var Eva f. Andersen og Nils William Johnson.<\/p>\n<p><strong>Eva Johnson, f. Andersen<\/strong>, f\u00f8dt 01.05.1919 i Larvik; d\u00f8de 08.01.1990 i Larvik.<\/p>\n<p><strong>Nils William Johnson<\/strong>, f\u00f8dt 19.07.1915 i Hakadal, Akershus; d\u00f8de 28.12.1998 i Brunlanes.<\/p>\n<h2><\/h2>\n<h2><span style=\"color: #806239;\"><strong>Eva Andersens aner<\/strong><\/span><\/h2>\n<p>Anders Bernhard Andersen, f\u00f8dt 20.09.1871 i Brunlanes; d\u00f8de 03.021936 i Larvik. Bilde fra Nils Wilhelm Johnson (Johnson web-site MyHeritage).<\/p>\n<p><img loading=\"lazy\" decoding=\"async\" class=\"aligncenter\" src=\"https:\/\/ww2.fjeldskaar.com\/wp-content\/uploads\/2019\/08\/anders2.jpg\" alt=\"\" width=\"400\" height=\"499\" \/><\/p>\n<p>Josefine Andersen, f\u00f8dt 12.10.1890 i Aske, Brunlanes; d\u00f8de 02.07.1938 i Larvik. Bilde fra Nils Wilhelm Johnson (Johnson web-site MyHeritage).<\/p>\n<p><img loading=\"lazy\" decoding=\"async\" class=\"aligncenter\" src=\"https:\/\/ww2.fjeldskaar.com\/wp-content\/uploads\/2019\/08\/josefine2.jpg\" alt=\"\" width=\"400\" height=\"573\" \/><\/p>\n<p><strong>Nils William Johnsons foreldre<\/strong><\/p>\n<p>Karl G\u00f8sta Johnson, f\u00f8dt 18.06.1883 i Gryt, Kristianstad (Sverige); d\u00f8de 04.07.1964 i T\u00f8nsberg. Bilde fra Nils Wilhelm Johnson (Johnson web-site MyHeritage).<\/p>\n<p><img loading=\"lazy\" decoding=\"async\" class=\"aligncenter\" src=\"https:\/\/ww2.fjeldskaar.com\/wp-content\/uploads\/2019\/08\/karlG3.jpg\" alt=\"\" width=\"400\" height=\"415\" \/><\/p>\n<p>&nbsp;<\/p>\n<p>Todne Mortensdatter f\u00f8dt 23.06. 1882 i F\u00f8rekleiv, Bjelland, Vest- Agder d\u00f8de 07.05.1974 i Brunlanes. Bilde fra Nils Wilhelm Johnson (Johnson web-site MyHeritage).<\/p>\n<p style=\"text-align: center;\"><img loading=\"lazy\" decoding=\"async\" src=\"https:\/\/ww2.fjeldskaar.com\/wp-content\/uploads\/2019\/08\/todne3.jpg\" alt=\"\" width=\"400\" height=\"479\" \/><\/p>\n","protected":false},"excerpt":{"rendered":"<p>Arnfinn Karl Fjeldsk\u00e5r 13.06.1917-09.05.1977 Arnfinn begynte p\u00e5 Mandal folkeskole i 1924; deretter p\u00e5 Oddernes skole fra h\u00f8sten 1928. \u00a0\u00a0 Arnfinn og bror Einar med moren Amalie; trykk p\u00e5 bildet for \u00e5 se stor st\u00f8rrelse. \u00a0\u00a0 Skj\u00f8te p\u00e5 &laquo;Birkelund&raquo; (Jonas Lies vei 3) fra Amalie til s\u00f8nnen Arnfinn i 1948. Amalie, Arnfinn, Clarence, Einar og William [&hellip;]<\/p>\n","protected":false},"author":1,"featured_media":0,"parent":166,"menu_order":14,"comment_status":"closed","ping_status":"closed","template":"no_sidebar.php","meta":{"jetpack_post_was_ever_published":false,"footnotes":""},"class_list":["post-406","page","type-page","status-publish","hentry"],"jetpack_sharing_enabled":true,"jetpack_shortlink":"https:\/\/wp.me\/P6aoJ2-6y","_links":{"self":[{"href":"https:\/\/ww2.fjeldskaar.com\/index.php\/wp-json\/wp\/v2\/pages\/406"}],"collection":[{"href":"https:\/\/ww2.fjeldskaar.com\/index.php\/wp-json\/wp\/v2\/pages"}],"about":[{"href":"https:\/\/ww2.fjeldskaar.com\/index.php\/wp-json\/wp\/v2\/types\/page"}],"author":[{"embeddable":true,"href":"https:\/\/ww2.fjeldskaar.com\/index.php\/wp-json\/wp\/v2\/users\/1"}],"replies":[{"embeddable":true,"href":"https:\/\/ww2.fjeldskaar.com\/index.php\/wp-json\/wp\/v2\/comments?post=406"}],"version-history":[{"count":52,"href":"https:\/\/ww2.fjeldskaar.com\/index.php\/wp-json\/wp\/v2\/pages\/406\/revisions"}],"predecessor-version":[{"id":7633,"href":"https:\/\/ww2.fjeldskaar.com\/index.php\/wp-json\/wp\/v2\/pages\/406\/revisions\/7633"}],"up":[{"embeddable":true,"href":"https:\/\/ww2.fjeldskaar.com\/index.php\/wp-json\/wp\/v2\/pages\/166"}],"wp:attachment":[{"href":"https:\/\/ww2.fjeldskaar.com\/index.php\/wp-json\/wp\/v2\/media?parent=406"}],"curies":[{"name":"wp","href":"https:\/\/api.w.org\/{rel}","templated":true}]}}