{"id":503,"date":"2015-05-12T16:36:39","date_gmt":"2015-05-12T16:36:39","guid":{"rendered":"https:\/\/ww2.fjeldskaar.com\/?page_id=503"},"modified":"2020-11-06T14:24:46","modified_gmt":"2020-11-06T12:24:46","slug":"jenny","status":"publish","type":"page","link":"https:\/\/ww2.fjeldskaar.com\/index.php\/willys-slekt\/andersen\/matthias\/rudolph\/anna-og-eilif\/jenny\/","title":{"rendered":"Anna \/ Eilifs barn"},"content":{"rendered":"<div class=\"pdfprnt-buttons pdfprnt-buttons-page pdfprnt-top-right\"><a href=\"https:\/\/ww2.fjeldskaar.com\/index.php\/wp-json\/wp\/v2\/pages\/503?print=pdf\" class=\"pdfprnt-button pdfprnt-button-pdf\" target=\"_blank\"><img decoding=\"async\" src=\"https:\/\/ww2.fjeldskaar.com\/wp-content\/plugins\/pdf-print\/images\/pdf.png\" alt=\"image_pdf\" title=\"View PDF\" \/><\/a><a href=\"https:\/\/ww2.fjeldskaar.com\/index.php\/wp-json\/wp\/v2\/pages\/503?print=print\" class=\"pdfprnt-button pdfprnt-button-print\" target=\"_blank\"><img decoding=\"async\" src=\"https:\/\/ww2.fjeldskaar.com\/wp-content\/plugins\/pdf-print\/images\/print.png\" alt=\"image_print\" title=\"Print Content\" \/><\/a><\/div><h1 style=\"text-align: center;\"><span style=\"color: #806239; font-size: 30pt;\">Anna og Eilifs barn<\/span><\/h1>\n<p style=\"text-align: center;\"><a href=\"https:\/\/ww2.fjeldskaar.com\/wp-content\/uploads\/2020\/08\/andersens3.jpg\"><img loading=\"lazy\" decoding=\"async\" class=\"alignnone wp-image-6903\" src=\"https:\/\/ww2.fjeldskaar.com\/wp-content\/uploads\/2020\/08\/andersens3.jpg\" alt=\"\" width=\"646\" height=\"577\" srcset=\"https:\/\/ww2.fjeldskaar.com\/wp-content\/uploads\/2020\/08\/andersens3.jpg 1546w, https:\/\/ww2.fjeldskaar.com\/wp-content\/uploads\/2020\/08\/andersens3-300x268.jpg 300w, https:\/\/ww2.fjeldskaar.com\/wp-content\/uploads\/2020\/08\/andersens3-768x687.jpg 768w, https:\/\/ww2.fjeldskaar.com\/wp-content\/uploads\/2020\/08\/andersens3-1536x1373.jpg 1536w\" sizes=\"(max-width: 646px) 100vw, 646px\" \/><\/a><\/p>\n<h2>~* se ogs\u00e5 bilder <span style=\"color: #0000ff;\"><a style=\"color: #0000ff;\" href=\"https:\/\/wp.me\/P6aoJ2-a9\">her<\/a><\/span>. *~<\/h2>\n<p style=\"text-align: center;\">\n<p style=\"text-align: center;\"><a href=\"https:\/\/ww2.fjeldskaar.com\/wp-content\/uploads\/2020\/11\/eilifchart5.png\"><img loading=\"lazy\" decoding=\"async\" class=\"alignnone wp-image-8032\" src=\"https:\/\/ww2.fjeldskaar.com\/wp-content\/uploads\/2020\/11\/eilifchart5.png\" alt=\"\" width=\"619\" height=\"585\" srcset=\"https:\/\/ww2.fjeldskaar.com\/wp-content\/uploads\/2020\/11\/eilifchart5.png 4619w, https:\/\/ww2.fjeldskaar.com\/wp-content\/uploads\/2020\/11\/eilifchart5-300x283.png 300w, https:\/\/ww2.fjeldskaar.com\/wp-content\/uploads\/2020\/11\/eilifchart5-768x725.png 768w, https:\/\/ww2.fjeldskaar.com\/wp-content\/uploads\/2020\/11\/eilifchart5-1536x1451.png 1536w, https:\/\/ww2.fjeldskaar.com\/wp-content\/uploads\/2020\/11\/eilifchart5-2048x1934.png 2048w\" sizes=\"(max-width: 619px) 100vw, 619px\" \/><\/a><\/p>\n<p style=\"text-align: center;\">\n<p><span style=\"color: #f7efd0;\">.<\/span><\/p>\n<p><span style=\"color: #f7efd0;\">.<\/span><\/p>\n<h2><\/h2>\n<h2 style=\"text-align: center;\"><span style=\"color: #806239; font-size: 24pt;\">Jenny og Paulus Barth Nilsen<\/span><\/h2>\n<p><a href=\"https:\/\/ww2.fjeldskaar.com\/wp-content\/uploads\/2015\/05\/IMG_0048.jpg\"><img loading=\"lazy\" decoding=\"async\" class=\"aligncenter\" src=\"https:\/\/ww2.fjeldskaar.com\/wp-content\/uploads\/2015\/05\/IMG_0048.jpg\" alt=\"\" width=\"550\" height=\"405\" \/><\/a><\/p>\n<p style=\"text-align: center;\"><em>Jenny og Paulus. Trykk p\u00e5 bildet for \u00e5 se stor st\u00f8rrelse.<\/em><\/p>\n<p>Jenny (f. 29\/10-1910) jobbet i familiens matvarebutikk i Griffenfeldtsgt. fra hun var ung, sammen med moren Anna og s\u00f8steren Ingjerd. Butikken ble solgt i 1948, og Jenny jobbet deretter, sammen med sine br\u00f8dre Egil og Erling, i Larvik Varme og Sanit\u00e6r.<\/p>\n<p>Jenny giftet seg med Paulus Barth-Nilsen (f. 25\/12.1898) 4. august 1942. Paulus d\u00f8de i 1979. De hadde ingen barn. Jenny d\u00f8de i 1997.<\/p>\n<h2 style=\"text-align: center;\">f\u00f8dt 29\/10-1910<\/h2>\n<p style=\"text-align: center;\"><a href=\"https:\/\/ww2.fjeldskaar.com\/wp-content\/uploads\/2015\/05\/IMG_0026.jpg\"><img loading=\"lazy\" decoding=\"async\" src=\"https:\/\/ww2.fjeldskaar.com\/wp-content\/uploads\/2015\/05\/IMG_0026.jpg\" alt=\"\" width=\"460\" height=\"850\" \/><\/a><br \/>\n<em>Tre generasjoner: Gusta Marie, Anna og Jenny<\/em><\/p>\n<p style=\"text-align: center;\"><img loading=\"lazy\" decoding=\"async\" src=\"https:\/\/ww2.fjeldskaar.com\/wp-content\/uploads\/2015\/05\/jenny.jpg\" alt=\"\" width=\"819\" height=\"489\" \/><br \/>\n<em>Jenny og Paules gifter seg med Ingjerd og Paulus sin bror som forlovere.<\/em><\/p>\n<p style=\"text-align: center;\"><em><img loading=\"lazy\" decoding=\"async\" src=\"https:\/\/ww2.fjeldskaar.com\/wp-content\/uploads\/2015\/05\/griffenfeldtsgt-e1470864548874.jpg\" alt=\"griffenfeldtsgt\" width=\"700\" height=\"476\" \/><\/em><\/p>\n<p style=\"text-align: center;\">Jenny og Paulus i hagen i Griffenfeldtsgate 18, sammen med Ingjerd, Eilif og Anna<\/p>\n<p style=\"text-align: center;\"><a href=\"https:\/\/ww2.fjeldskaar.com\/wp-content\/uploads\/2015\/05\/File0031.jpg\"><img loading=\"lazy\" decoding=\"async\" src=\"https:\/\/ww2.fjeldskaar.com\/wp-content\/uploads\/2015\/05\/File0031.jpg\" alt=\"\" width=\"388\" height=\"286\" \/><\/a><\/p>\n<p style=\"text-align: center;\">Jul hos Jenny og Paulus. Bak: Paulus (Jennys mann), Eilif og\u00a0Anna.<br \/>\nForan: Jenny, Ingjerd og Willy<\/p>\n<p style=\"text-align: center;\"><img loading=\"lazy\" decoding=\"async\" src=\"https:\/\/ww2.fjeldskaar.com\/wp-content\/uploads\/2015\/05\/Jenny1_11.jpg\" alt=\"Jenny1_1\" width=\"310\" height=\"499\" \/>\u00a0\u00a0<img loading=\"lazy\" decoding=\"async\" src=\"https:\/\/ww2.fjeldskaar.com\/wp-content\/uploads\/2015\/05\/Jenny2_1.jpg\" alt=\"Jenny2_1\" width=\"310\" height=\"316\" \/><\/p>\n<p style=\"text-align: center;\"><img loading=\"lazy\" decoding=\"async\" src=\"https:\/\/ww2.fjeldskaar.com\/wp-content\/uploads\/2015\/05\/bilde65b_1.jpg\" alt=\"bilde65b_1\" width=\"500\" height=\"296\" \/><\/p>\n<p style=\"text-align: center;\"><a href=\"https:\/\/ww2.fjeldskaar.com\/wp-content\/uploads\/2015\/05\/jenny2.jpg\"><img loading=\"lazy\" decoding=\"async\" src=\"https:\/\/ww2.fjeldskaar.com\/wp-content\/uploads\/2015\/05\/jenny2.jpg\" alt=\"\" width=\"521\" height=\"655\" \/><\/a><\/p>\n<p style=\"text-align: center;\"><img loading=\"lazy\" decoding=\"async\" src=\"https:\/\/ww2.fjeldskaar.com\/wp-content\/uploads\/2015\/05\/File0002b_16.jpg\" alt=\"File0002b_16\" width=\"400\" height=\"242\" \/><\/p>\n<p style=\"text-align: center;\">Paulus Barth-Nilsen<\/p>\n<p style=\"text-align: center;\"><img loading=\"lazy\" decoding=\"async\" src=\"https:\/\/ww2.fjeldskaar.com\/wp-content\/uploads\/2015\/05\/File0001_21.jpg\" alt=\"File0001_2\" width=\"500\" height=\"257\" \/>Fra \u00d8stlandsPosten 7\/3-96<\/p>\n<p style=\"text-align: center;\"><img loading=\"lazy\" decoding=\"async\" src=\"https:\/\/ww2.fjeldskaar.com\/wp-content\/uploads\/2015\/05\/jennyogpaulusCC.jpg\" alt=\"jennyogpaulusCC\" width=\"458\" height=\"634\" \/><\/p>\n<p style=\"text-align: center;\"><a href=\"https:\/\/ww2.fjeldskaar.com\/wp-content\/uploads\/2015\/05\/jennyB.jpg\"><img loading=\"lazy\" decoding=\"async\" src=\"https:\/\/ww2.fjeldskaar.com\/wp-content\/uploads\/2015\/05\/jennyB.jpg\" alt=\"\" width=\"436\" height=\"609\" \/><\/a><\/p>\n<p style=\"text-align: center;\"><a href=\"https:\/\/ww2.fjeldskaar.com\/wp-content\/uploads\/2015\/05\/IMG_0008.jpg\"><img loading=\"lazy\" decoding=\"async\" src=\"https:\/\/ww2.fjeldskaar.com\/wp-content\/uploads\/2015\/05\/IMG_0008-300x201.jpg\" alt=\"IMG_0008\" width=\"600\" height=\"403\" \/><\/a><\/p>\n<p style=\"text-align: center;\"><img loading=\"lazy\" decoding=\"async\" src=\"https:\/\/ww2.fjeldskaar.com\/wp-content\/uploads\/2015\/05\/Jenny-e1470864924456.jpg\" alt=\"Jenny\" width=\"502\" height=\"743\" \/><\/p>\n<div id=\"attachment_3372\" style=\"width: 870px\" class=\"wp-caption alignnone\"><img loading=\"lazy\" decoding=\"async\" aria-describedby=\"caption-attachment-3372\" src=\"https:\/\/ww2.fjeldskaar.com\/wp-content\/uploads\/2015\/05\/gmlKongevei18.png\" alt=\"gmlkongevei18\" width=\"860\" height=\"281\" \/><p id=\"caption-attachment-3372\" class=\"wp-caption-text\">Gamle Kongevei 18<\/p><\/div>\n<p style=\"text-align: center;\"><a href=\"https:\/\/ww2.fjeldskaar.com\/wp-content\/uploads\/2015\/05\/paulus.jpg\"><img loading=\"lazy\" decoding=\"async\" src=\"https:\/\/ww2.fjeldskaar.com\/wp-content\/uploads\/2015\/05\/paulus.jpg\" alt=\"\" width=\"250\" height=\"573\" \/><\/a><\/p>\n<p>&nbsp;<\/p>\n<h2 style=\"text-align: left;\"><span style=\"color: #806239; font-size: 24pt;\"><strong>Hans Andersen<\/strong><\/span><\/h2>\n<h2 style=\"text-align: left;\"><strong>09.01.1913-16.11.2007<\/strong><\/h2>\n<p style=\"text-align: center;\"><img loading=\"lazy\" decoding=\"async\" src=\"https:\/\/ww2.fjeldskaar.com\/wp-content\/uploads\/2015\/05\/Hansb.jpg\" alt=\"Hansb\" width=\"300\" height=\"461\" \/><\/p>\n<p align=\"left\">Hans stiftet handelsskolen HAV i Bergen, og underviste her fram til han gikk av med pensjon. Han var gift med Jussie Margot Hansen (f. 27\/4-14 i Bergen).<\/p>\n<p style=\"text-align: center;\" align=\"left\"><img loading=\"lazy\" decoding=\"async\" src=\"https:\/\/ww2.fjeldskaar.com\/wp-content\/uploads\/2020\/08\/output-onlinepngtools-36-1.png\" alt=\"\" width=\"200\" height=\"144\" \/><\/p>\n<p style=\"text-align: center;\" align=\"left\"><img loading=\"lazy\" decoding=\"async\" src=\"https:\/\/ww2.fjeldskaar.com\/wp-content\/uploads\/2015\/05\/bilde14b_1.jpg\" alt=\"bilde14b_1\" width=\"389\" height=\"313\" \/><\/p>\n<p style=\"text-align: center;\" align=\"left\">Anna, Erling, Liv, Jenny og Hans (foran)<\/p>\n<p style=\"text-align: center;\" align=\"left\"><img loading=\"lazy\" decoding=\"async\" src=\"https:\/\/ww2.fjeldskaar.com\/wp-content\/uploads\/2015\/05\/hans_1.jpg\" alt=\"hans_1\" width=\"550\" height=\"415\" \/><\/p>\n<p style=\"text-align: center;\" align=\"left\">Det er Hans som har gjort mesteparten av slektsgranskingen av Andersen-slekten (presentert p\u00e5 disse sidene), og gav ut boken &laquo;Slekten Andersen&raquo; i 1986. Han hadde ogs\u00e5 ansvaret for slekts-stevnet i Larvik samme \u00e5r.<\/p>\n<p style=\"text-align: center;\" align=\"left\"><a href=\"https:\/\/ww2.fjeldskaar.com\/wp-content\/uploads\/2015\/05\/slekt.jpg\"><img loading=\"lazy\" decoding=\"async\" src=\"https:\/\/ww2.fjeldskaar.com\/wp-content\/uploads\/2015\/05\/slekt.jpg\" alt=\"\" width=\"600\" height=\"367\" \/><\/a><\/p>\n<p style=\"text-align: center;\" align=\"left\">Fra Andersen slekts-stevne i Larvik i 1986<\/p>\n<p style=\"text-align: center;\" align=\"left\"><a href=\"https:\/\/ww2.fjeldskaar.com\/wp-content\/uploads\/2015\/05\/File0058-1.jpg\"><img loading=\"lazy\" decoding=\"async\" src=\"https:\/\/ww2.fjeldskaar.com\/wp-content\/uploads\/2015\/05\/File0058-1.jpg\" alt=\"\" width=\"492\" height=\"430\" \/><\/a><\/p>\n<p style=\"text-align: center;\" align=\"left\">Hans fotograferer Jussie, Ingjerd, Kari, Eilif og Willy<\/p>\n<p style=\"text-align: center;\" align=\"left\"><a href=\"https:\/\/ww2.fjeldskaar.com\/wp-content\/uploads\/2015\/05\/hansCC.jpg\"><img loading=\"lazy\" decoding=\"async\" src=\"https:\/\/ww2.fjeldskaar.com\/wp-content\/uploads\/2015\/05\/hansCC-300x282.jpg\" alt=\"hansCC\" width=\"500\" height=\"469\" \/><br \/>\n<\/a>Hans deltar i selskapeligheter<\/p>\n<p style=\"text-align: center;\" align=\"left\">I famili\u00e6r sammenheng var Hans et stort muntrasjonr\u00e5d. Ved f\u00f8dselsdager og brylluper laget han ofte sanger og fant p\u00e5 andre artige innslag. Et godt eksempel kan h\u00f8res <strong><a href=\"http:\/\/wp.me\/P6aoJ2-3L\">her<\/a><\/strong>.<\/p>\n<p style=\"text-align: center;\" align=\"left\"><strong>Med bestefars gamle smie under balkongen (\u00d8P 19. august 1992)<\/strong><\/p>\n<p style=\"text-align: center;\" align=\"left\"><img loading=\"lazy\" decoding=\"async\" src=\"https:\/\/ww2.fjeldskaar.com\/wp-content\/uploads\/2015\/05\/2015-07-25-0001.jpg\" alt=\"2015-07-25-0001\" width=\"665\" height=\"380\" \/><\/p>\n<p style=\"text-align: center;\" align=\"left\"><em>Under balkongen ser Hans Andersen rett ned p\u00e5 tomta der bestefaren bygde sin gamle smie<\/em><\/p>\n<p style=\"text-align: center;\" align=\"left\"><img loading=\"lazy\" decoding=\"async\" src=\"https:\/\/ww2.fjeldskaar.com\/wp-content\/uploads\/2015\/05\/2015-07-25-0006-300x93.jpg\" alt=\"2015-07-25-0006\" width=\"400\" height=\"124\" \/><\/p>\n<p style=\"text-align: center;\" align=\"left\"><img loading=\"lazy\" decoding=\"async\" src=\"https:\/\/ww2.fjeldskaar.com\/wp-content\/uploads\/2015\/05\/2015-07-25-0004b.jpg\" alt=\"2015-07-25-0004b\" width=\"740\" height=\"350\" \/><\/p>\n<p style=\"text-align: left;\" align=\"left\">Avisinnlegg av Hans:<\/p>\n<p style=\"text-align: center;\" align=\"left\"><a href=\"https:\/\/ww2.fjeldskaar.com\/wp-content\/uploads\/2020\/08\/output-onlinepngtools-38-1.png\"><img loading=\"lazy\" decoding=\"async\" src=\"https:\/\/ww2.fjeldskaar.com\/wp-content\/uploads\/2020\/08\/output-onlinepngtools-38-1.png\" alt=\"\" width=\"439\" height=\"881\" \/><\/a><\/p>\n<p style=\"text-align: center;\" align=\"left\"><a href=\"https:\/\/ww2.fjeldskaar.com\/wp-content\/uploads\/2015\/05\/Hans_2005.jpg\"><img loading=\"lazy\" decoding=\"async\" src=\"https:\/\/ww2.fjeldskaar.com\/wp-content\/uploads\/2015\/05\/Hans_2005.jpg\" alt=\"\" width=\"625\" height=\"425\" \/><\/a><\/p>\n<p style=\"text-align: center;\" align=\"left\">Ingjerd og Hans i 2005<\/p>\n<p align=\"left\"><a href=\"https:\/\/ww2.fjeldskaar.com\/wp-content\/uploads\/2020\/08\/output-onlinepngtools-37-1.png\"><img loading=\"lazy\" decoding=\"async\" src=\"https:\/\/ww2.fjeldskaar.com\/wp-content\/uploads\/2020\/08\/output-onlinepngtools-37-1.png\" alt=\"\" width=\"784\" height=\"644\" \/><\/a><\/p>\n<p align=\"left\"><img loading=\"lazy\" decoding=\"async\" src=\"https:\/\/ww2.fjeldskaar.com\/wp-content\/uploads\/2015\/05\/File0001_3.jpg\" alt=\"File0001_3\" width=\"300\" height=\"555\" \/><\/p>\n<p style=\"text-align: center;\" align=\"left\">Hans intervjuet i \u00d8stlands-Posten 26. august 2006<\/p>\n<p style=\"text-align: right;\" align=\"left\"><img loading=\"lazy\" decoding=\"async\" src=\"https:\/\/ww2.fjeldskaar.com\/wp-content\/uploads\/2020\/08\/output-onlinepngtools-12.png\" alt=\"\" width=\"200\" height=\"117\" \/><\/p>\n<h2 style=\"text-align: left;\"><span style=\"color: #806239; font-size: 24pt;\">Egil Rudsta Andersen<\/span><\/h2>\n<h2 style=\"text-align: left;\">01.02.1915 &#8211; 17.10.2008<\/h2>\n<p>Anna og Eilif hadde problemer med \u00e5 bli enige om navnet til den nyf\u00f8dte gutten. Dette l\u00f8ste de elegant ved \u00e5 ta 3 bokstaver fra navnet Rudolf og 3 bokstaver fra Gusta. Dermed ble gutten hetende Egil Rudsta. Dette if\u00f8lge Egil selv.<\/p>\n<p style=\"text-align: center;\"><img loading=\"lazy\" decoding=\"async\" src=\"https:\/\/ww2.fjeldskaar.com\/wp-content\/uploads\/2015\/05\/bilde11b.jpg\" alt=\"bilde11b\" width=\"350\" height=\"523\" \/><\/p>\n<p align=\"center\">Egil, Jenny, Liv, Hans, Ingjerd og Anna<\/p>\n<p>Egil Rudsta skriver f\u00f8lgende om sitt levnetsl\u00f8p (20-11-05):<\/p>\n<p align=\"justify\"><em>&laquo;Min f\u00f8rste jobb, 1927-30, var som visergutt hos Breda (klesbutikk). L\u00f8nnen var 30 kr pr m\u00e5ned. Deretter var det jobb p\u00e5 sandbl\u00e5seriet hos Alfr Andersen. Den jobben r\u00f8mte jeg fra, og reiste til sj\u00f8s. Da var jeg 17 \u00e5r gammel, og ble maskingutt med en l\u00f8nn p\u00e5 37 kr pr m\u00e5ned. Vi lastet i Curacao og gikk ut til de forskjellige losseplasser i Europa. Vi hadde en tur fra San Francisco til Sydney i 1933. Den turen tok vel ca. 1 m\u00e5ned. Vi hadde f\u00e5tt en del margarin ombord i San Francisco; den ble l\u00e5st inne, og forbudt \u00e5 bruke av i Australia. Vi m\u00e5tte kj\u00f8pe meierism\u00f8r i Australia.<\/em><\/p>\n<p align=\"justify\"><em>Etter \u00e5 ha v\u00e6rt ansatt som maskingutt i et \u00e5r, avanserte jeg til motormann, med 180 kr pr m\u00e5ned. Av de sendte jeg 120kr hjem. Slik sparte jeg opp en kapital p\u00e5 2500 kr. Jeg m\u00f8nstret av i 1935, og begynte p\u00e5 Skiensfjordens Tekniske Fagskole. Jeg syklet hjem hver l\u00f8rdag, og opp igjen p\u00e5 s\u00f8ndag kveld.<\/em><\/p>\n<p align=\"justify\"><em>P\u00e5 tekniker&#8217;n tok jeg 3.maskinist-eksamen. Etter det var jeg i milit\u00e6ret &#8211; p\u00e5 Hvalsmoen ved H\u00f8nefoss. S\u00e5 reiste jeg ut igjen &#8211; fikk hyre som 3.maskinist p\u00e5 &laquo;M\/T Skaraas&raquo; og var ombord i ca 1 1\/2 \u00e5r. Jeg skj\u00f8nte at det ble verdenskrig, s\u00e5 jeg m\u00f8nstret av i London. Der holdt de p\u00e5 med sperreballonger da.<\/em><\/p>\n<p align=\"justify\"><em>Jeg kom hjem og meldte meg p\u00e5, og tok, 2. og 1. maskinisteksamen i T\u00f8nsberg. Den 9.april kom tyskerne til Norge. Jeg m\u00f8tte opp p\u00e5 Hvalsmoen, og var med opp til Vestre Gausdal. Jeg var i ingeni\u00f8rkompaniet og med p\u00e5 \u00e5 bygge stillinger for de norske styrkene ved Segalstadbru.<\/em><\/p>\n<p align=\"justify\"><em>De skulle ha en kranf\u00f8rer til den nye krana p\u00e5 Kanalkaia. Det var 50 s\u00f8kere til jobben. Jeg fikk den. Deretter s\u00f8kte jeg p\u00e5 Bergens Tekniske Skole &#8211; lurte p\u00e5 om Veritas hadde bruk for meg.<\/em><\/p>\n<p style=\"text-align: center;\" align=\"justify\"><img loading=\"lazy\" decoding=\"async\" src=\"https:\/\/ww2.fjeldskaar.com\/wp-content\/uploads\/2020\/08\/output-onlinepngtools-13.png\" alt=\"\" width=\"300\" height=\"76\" \/><\/p>\n<p align=\"justify\"><em>Erling, min bror, hadde tatt VVS-linjen i Oslo. Han spurte om vi kunne begynne sammen i Larvik. Slik ble Larvik Varme og Sanit\u00e6r stiftet.&raquo;<\/em><\/p>\n<p>Egil Rudsta giftet seg med Kirsten (&#8216;Kitten&#8217;) Kathrine Jensen, f\u00f8dt 22\/11-1916.<\/p>\n<p><a href=\"https:\/\/ww2.fjeldskaar.com\/wp-content\/uploads\/2015\/05\/File0029.jpg\"><img loading=\"lazy\" decoding=\"async\" class=\"aligncenter\" src=\"https:\/\/ww2.fjeldskaar.com\/wp-content\/uploads\/2015\/05\/File0029.jpg\" alt=\"\" width=\"400\" height=\"283\" \/><\/a><\/p>\n<p style=\"text-align: center;\">P\u00e5 tur i Egils b\u00e5t: Paulus, Egil Rudsta, Jenny, Anne, Kirsten og Egil<\/p>\n<p style=\"text-align: center;\"><a href=\"https:\/\/ww2.fjeldskaar.com\/wp-content\/uploads\/2015\/05\/hytta.jpg\"><img loading=\"lazy\" decoding=\"async\" src=\"https:\/\/ww2.fjeldskaar.com\/wp-content\/uploads\/2015\/05\/hytta.jpg\" alt=\"\" width=\"524\" height=\"355\" \/><\/a><\/p>\n<p>Egil (til venstre) og Kitten (til h\u00f8yre) sammen med Jussy, Inger Reidun, Ingjerd, Jenny og William p\u00e5 Williams hytte i Svinevika.<\/p>\n<p style=\"text-align: center;\"><a href=\"https:\/\/ww2.fjeldskaar.com\/wp-content\/uploads\/2015\/05\/scan0013b.jpg\"><img loading=\"lazy\" decoding=\"async\" src=\"https:\/\/ww2.fjeldskaar.com\/wp-content\/uploads\/2015\/05\/scan0013b.jpg\" alt=\"\" width=\"603\" height=\"487\" \/><\/a><\/p>\n<p style=\"text-align: center;\">Erling, Egil og Ingjerd p\u00e5 Skjeggestad i 2004<\/p>\n<p><span style=\"color: #f7efd0;\">.<\/span><\/p>\n<h2 style=\"text-align: left;\"><span style=\"color: #806239; font-size: 24pt;\">Ingjerd Andersen<\/span><\/h2>\n<h2 style=\"text-align: left;\">03.04.1917 &#8211; 13.02.2009. Se <a href=\"https:\/\/wp.me\/P6aoJ2-8b\">her<\/a>.<\/h2>\n<p>&nbsp;<\/p>\n<p><span style=\"color: #f7efd0;\">.<\/span><\/p>\n<p><span style=\"color: #f7efd0;\">.<\/span><\/p>\n<h2><\/h2>\n<h2 style=\"text-align: left;\"><span style=\"color: #806239; font-size: 24pt;\">Erling Andersen<\/span><\/h2>\n<h2 style=\"text-align: left;\">05.03.1919 &#8211; 05.07.2006<\/h2>\n<p style=\"text-align: center;\"><img loading=\"lazy\" decoding=\"async\" src=\"https:\/\/ww2.fjeldskaar.com\/wp-content\/uploads\/2015\/05\/File0009b.jpg\" alt=\"File0009b\" width=\"600\" height=\"388\" \/><\/p>\n<p align=\"center\">Erling, Liv, Anna, Ingjerd og Eilif<\/p>\n<p>Erling spurte broren, <strong><a style=\"color: #0000ff;\" href=\"http:\/\/wp.me\/P6aoJ2-89\">Egil<\/a><\/strong>, om\u00a0de kunne starte firma sammen i Larvik. Slik ble Larvik Varme og Sanit\u00e6r stiftet<\/p>\n<p style=\"text-align: center;\"><img loading=\"lazy\" decoding=\"async\" src=\"https:\/\/ww2.fjeldskaar.com\/wp-content\/uploads\/2020\/08\/output-onlinepngtools-13.png\" alt=\"\" width=\"300\" height=\"76\" \/><\/p>\n<p style=\"text-align: center;\"><a href=\"https:\/\/ww2.fjeldskaar.com\/wp-content\/uploads\/2015\/05\/erling.jpg\"><img loading=\"lazy\" decoding=\"async\" src=\"https:\/\/ww2.fjeldskaar.com\/wp-content\/uploads\/2015\/05\/erling-300x196.jpg\" alt=\"erling\" width=\"300\" height=\"196\" \/><\/a>\u00a0\u00a0<img loading=\"lazy\" decoding=\"async\" src=\"https:\/\/ww2.fjeldskaar.com\/wp-content\/uploads\/2015\/05\/erling2.jpg\" alt=\"erling2\" width=\"250\" height=\"187\" \/><\/p>\n<p>Erling giftet seg med Aslaug Andersen (f. Tveitan 12\/1-19).<\/p>\n<p style=\"text-align: center;\"><img loading=\"lazy\" decoding=\"async\" src=\"https:\/\/ww2.fjeldskaar.com\/wp-content\/uploads\/2015\/05\/IMG_0015b.jpg\" alt=\"IMG_0015b\" width=\"559\" height=\"379\" \/><\/p>\n<p style=\"text-align: center;\">S\u00f8sknene Hans, Erling og Ingjerd p\u00e5 sine eldre dager<\/p>\n<p>&nbsp;<\/p>\n<h2 align=\"center\"><\/h2>\n<h2 align=\"center\"><\/h2>\n<h2 style=\"text-align: left;\" align=\"center\"><span style=\"color: #806239; font-size: 24pt;\"><strong>Liv Gusta Marie Hafstad<\/strong><\/span><\/h2>\n<h2 style=\"text-align: left;\" align=\"center\"><strong>f\u00f8dt 14\/11-1920<\/strong><\/h2>\n<p align=\"center\">Liv giftet seg med Gunnar Andreas Hafstad (f. 27\/2-22 i Egersund). De flyttet til California, USA midt p\u00e5 50-tallet.<\/p>\n<p align=\"center\"><img loading=\"lazy\" decoding=\"async\" src=\"https:\/\/ww2.fjeldskaar.com\/wp-content\/uploads\/2015\/05\/liv3.jpg\" alt=\"liv3\" width=\"683\" height=\"492\" \/><\/p>\n<p style=\"text-align: center;\" align=\"baseline\"><img loading=\"lazy\" decoding=\"async\" src=\"https:\/\/ww2.fjeldskaar.com\/wp-content\/uploads\/2015\/05\/bilde28b.jpg\" alt=\"bilde28b\" width=\"302\" height=\"284\" \/><\/p>\n<p style=\"text-align: center;\" align=\"baseline\">Liv, Jenny og Ingjerd<\/p>\n<p style=\"text-align: center;\" align=\"baseline\"><img loading=\"lazy\" decoding=\"async\" src=\"https:\/\/ww2.fjeldskaar.com\/wp-content\/uploads\/2015\/05\/livoggunnar2.jpg\" alt=\"livoggunnar2\" width=\"383\" height=\"487\" \/><\/p>\n<p style=\"text-align: center;\" align=\"baseline\">Liv og Gunnar (gullbrullup)<\/p>\n<p style=\"text-align: center;\" align=\"baseline\"><a href=\"https:\/\/ww2.fjeldskaar.com\/wp-content\/uploads\/2015\/05\/liv_94.jpg\"><img loading=\"lazy\" decoding=\"async\" src=\"https:\/\/ww2.fjeldskaar.com\/wp-content\/uploads\/2015\/05\/liv_94.jpg\" alt=\"\" width=\"615\" height=\"413\" \/><\/a><\/p>\n<p style=\"text-align: center;\" align=\"baseline\">Familien Liv og Gunnar Hafstad julen 1994.<\/p>\n<p style=\"text-align: center;\" align=\"baseline\"><img loading=\"lazy\" decoding=\"async\" src=\"https:\/\/ww2.fjeldskaar.com\/wp-content\/uploads\/2015\/05\/File0063b_1.jpg\" alt=\"File0063b_1\" width=\"450\" height=\"287\" \/><\/p>\n<p style=\"text-align: center;\" align=\"baseline\">Ingjerd, Liv og Jenny<\/p>\n<p>&nbsp;<\/p>\n<p>&nbsp;<\/p>\n<blockquote dir=\"ltr\">\n<p style=\"text-align: center;\"><a href=\"https:\/\/ww2.fjeldskaar.com\/wp-content\/uploads\/2015\/05\/Liv_Ingjerd2.jpg\"><img loading=\"lazy\" decoding=\"async\" src=\"https:\/\/ww2.fjeldskaar.com\/wp-content\/uploads\/2015\/05\/Liv_Ingjerd2.jpg\" alt=\"MINOLTA DIGITAL CAMERA\" width=\"600\" height=\"450\" \/><br \/>\n<\/a>Liv og Ingjerd i Larvik (2008)<\/p>\n<\/blockquote>\n<p style=\"text-align: center;\">\n","protected":false},"excerpt":{"rendered":"<p>Anna og Eilifs barn ~* se ogs\u00e5 bilder her. *~ . . Jenny og Paulus Barth Nilsen Jenny og Paulus. Trykk p\u00e5 bildet for \u00e5 se stor st\u00f8rrelse. Jenny (f. 29\/10-1910) jobbet i familiens matvarebutikk i Griffenfeldtsgt. fra hun var ung, sammen med moren Anna og s\u00f8steren Ingjerd. Butikken ble solgt i 1948, og Jenny [&hellip;]<\/p>\n","protected":false},"author":1,"featured_media":0,"parent":499,"menu_order":8,"comment_status":"closed","ping_status":"closed","template":"no_sidebar.php","meta":{"jetpack_post_was_ever_published":false,"footnotes":""},"class_list":["post-503","page","type-page","status-publish","hentry"],"jetpack_sharing_enabled":true,"jetpack_shortlink":"https:\/\/wp.me\/P6aoJ2-87","_links":{"self":[{"href":"https:\/\/ww2.fjeldskaar.com\/index.php\/wp-json\/wp\/v2\/pages\/503"}],"collection":[{"href":"https:\/\/ww2.fjeldskaar.com\/index.php\/wp-json\/wp\/v2\/pages"}],"about":[{"href":"https:\/\/ww2.fjeldskaar.com\/index.php\/wp-json\/wp\/v2\/types\/page"}],"author":[{"embeddable":true,"href":"https:\/\/ww2.fjeldskaar.com\/index.php\/wp-json\/wp\/v2\/users\/1"}],"replies":[{"embeddable":true,"href":"https:\/\/ww2.fjeldskaar.com\/index.php\/wp-json\/wp\/v2\/comments?post=503"}],"version-history":[{"count":60,"href":"https:\/\/ww2.fjeldskaar.com\/index.php\/wp-json\/wp\/v2\/pages\/503\/revisions"}],"predecessor-version":[{"id":8033,"href":"https:\/\/ww2.fjeldskaar.com\/index.php\/wp-json\/wp\/v2\/pages\/503\/revisions\/8033"}],"up":[{"embeddable":true,"href":"https:\/\/ww2.fjeldskaar.com\/index.php\/wp-json\/wp\/v2\/pages\/499"}],"wp:attachment":[{"href":"https:\/\/ww2.fjeldskaar.com\/index.php\/wp-json\/wp\/v2\/media?parent=503"}],"curies":[{"name":"wp","href":"https:\/\/api.w.org\/{rel}","templated":true}]}}