{"id":629,"date":"2015-05-13T05:32:28","date_gmt":"2015-05-13T05:32:28","guid":{"rendered":"https:\/\/ww2.fjeldskaar.com\/?page_id=629"},"modified":"2020-12-06T15:24:36","modified_gmt":"2020-12-06T13:24:36","slug":"anna-og-eilifs-etterkommere","status":"publish","type":"page","link":"https:\/\/ww2.fjeldskaar.com\/index.php\/anna-og-eilifs-etterkommere\/","title":{"rendered":"Anna og Eilifs etterkommere"},"content":{"rendered":"<div class=\"pdfprnt-buttons pdfprnt-buttons-page pdfprnt-top-right\"><a href=\"https:\/\/ww2.fjeldskaar.com\/index.php\/wp-json\/wp\/v2\/pages\/629?print=pdf\" class=\"pdfprnt-button pdfprnt-button-pdf\" target=\"_blank\"><img decoding=\"async\" src=\"https:\/\/ww2.fjeldskaar.com\/wp-content\/plugins\/pdf-print\/images\/pdf.png\" alt=\"image_pdf\" title=\"View PDF\" \/><\/a><a href=\"https:\/\/ww2.fjeldskaar.com\/index.php\/wp-json\/wp\/v2\/pages\/629?print=print\" class=\"pdfprnt-button pdfprnt-button-print\" target=\"_blank\"><img decoding=\"async\" src=\"https:\/\/ww2.fjeldskaar.com\/wp-content\/plugins\/pdf-print\/images\/print.png\" alt=\"image_print\" title=\"Print Content\" \/><\/a><\/div><h2 style=\"text-align: center;\"><span style=\"color: #806239; font-size: 24pt;\">Anna og Eilifs barn og barnebarn<\/span><\/h2>\n<p>&nbsp;<\/p>\n<p style=\"text-align: center;\"><a href=\"https:\/\/ww2.fjeldskaar.com\/wp-content\/uploads\/2020\/12\/Andersenslekt_1960.png\"><img loading=\"lazy\" decoding=\"async\" class=\"alignnone wp-image-8390\" src=\"https:\/\/ww2.fjeldskaar.com\/wp-content\/uploads\/2020\/12\/Andersenslekt_1960.png\" alt=\"\" width=\"700\" height=\"458\" srcset=\"https:\/\/ww2.fjeldskaar.com\/wp-content\/uploads\/2020\/12\/Andersenslekt_1960.png 3700w, https:\/\/ww2.fjeldskaar.com\/wp-content\/uploads\/2020\/12\/Andersenslekt_1960-300x196.png 300w, https:\/\/ww2.fjeldskaar.com\/wp-content\/uploads\/2020\/12\/Andersenslekt_1960-768x503.png 768w, https:\/\/ww2.fjeldskaar.com\/wp-content\/uploads\/2020\/12\/Andersenslekt_1960-1536x1006.png 1536w, https:\/\/ww2.fjeldskaar.com\/wp-content\/uploads\/2020\/12\/Andersenslekt_1960-2048x1341.png 2048w\" sizes=\"(max-width: 700px) 100vw, 700px\" \/><\/a><br \/>\n<em>Anna og Eilifs etterkommere. Fra venstre bak: Anne (datter av Egil), William, Ingjerd, Erling, Jussie (kona til Hans), Hans, Liv, Eilif (s\u00f8nn av Hans), Aslaug (kona til erling), Per (s\u00f8nn av Egil), Kirsten (kona til Egil), Egil, Kari og Dagfinn (barn av Hans). Foran fra venstre Jenny, Berit (datter av Liv), Anna, Eilif og Paulus (Jennys mann). Forrest Willy, Inger Reidun, Egil (s\u00f8nn av Egil), Marit (datter av Erling), Gunnar Eilif (s\u00f8nn av Liv), Thor Erling (s\u00f8nn av Erling) og Grethe (datter av Liv).<\/em><\/p>\n<p style=\"text-align: center;\"><a href=\"https:\/\/ww2.fjeldskaar.com\/wp-content\/uploads\/2020\/12\/Andersen_soskenbarn_1960.png\"><img loading=\"lazy\" decoding=\"async\" class=\"alignnone wp-image-8392\" src=\"https:\/\/ww2.fjeldskaar.com\/wp-content\/uploads\/2020\/12\/Andersen_soskenbarn_1960.png\" alt=\"\" width=\"714\" height=\"604\" srcset=\"https:\/\/ww2.fjeldskaar.com\/wp-content\/uploads\/2020\/12\/Andersen_soskenbarn_1960.png 3014w, https:\/\/ww2.fjeldskaar.com\/wp-content\/uploads\/2020\/12\/Andersen_soskenbarn_1960-300x254.png 300w, https:\/\/ww2.fjeldskaar.com\/wp-content\/uploads\/2020\/12\/Andersen_soskenbarn_1960-768x649.png 768w, https:\/\/ww2.fjeldskaar.com\/wp-content\/uploads\/2020\/12\/Andersen_soskenbarn_1960-1536x1299.png 1536w, https:\/\/ww2.fjeldskaar.com\/wp-content\/uploads\/2020\/12\/Andersen_soskenbarn_1960-2048x1731.png 2048w\" sizes=\"(max-width: 714px) 100vw, 714px\" \/><\/a><br \/>\nDe fleste av Anna og Eilif sine barnebarn<\/p>\n<p style=\"text-align: center;\"><a href=\"https:\/\/ww2.fjeldskaar.com\/wp-content\/uploads\/2015\/05\/6s\u00f8sken.jpg\"><img loading=\"lazy\" decoding=\"async\" class=\"alignnone wp-image-4854\" src=\"https:\/\/ww2.fjeldskaar.com\/wp-content\/uploads\/2015\/05\/6s\u00f8sken.jpg\" alt=\"\" width=\"627\" height=\"457\" srcset=\"https:\/\/ww2.fjeldskaar.com\/wp-content\/uploads\/2015\/05\/6s\u00f8sken.jpg 1627w, https:\/\/ww2.fjeldskaar.com\/wp-content\/uploads\/2015\/05\/6s\u00f8sken-300x219.jpg 300w, https:\/\/ww2.fjeldskaar.com\/wp-content\/uploads\/2015\/05\/6s\u00f8sken-768x560.jpg 768w\" sizes=\"(max-width: 627px) 100vw, 627px\" \/><\/a><\/p>\n<p style=\"text-align: center;\"><a href=\"https:\/\/ww2.fjeldskaar.com\/wp-content\/uploads\/2015\/05\/scan0014b.jpg\"><img loading=\"lazy\" decoding=\"async\" class=\"alignnone wp-image-4855\" src=\"https:\/\/ww2.fjeldskaar.com\/wp-content\/uploads\/2015\/05\/scan0014b.jpg\" alt=\"\" width=\"479\" height=\"690\" srcset=\"https:\/\/ww2.fjeldskaar.com\/wp-content\/uploads\/2015\/05\/scan0014b.jpg 1179w, https:\/\/ww2.fjeldskaar.com\/wp-content\/uploads\/2015\/05\/scan0014b-208x300.jpg 208w, https:\/\/ww2.fjeldskaar.com\/wp-content\/uploads\/2015\/05\/scan0014b-768x1106.jpg 768w\" sizes=\"(max-width: 479px) 100vw, 479px\" \/><\/a><\/p>\n<p style=\"text-align: center;\">S\u00f8strene Jenny, Ingjerd og Jenny<\/p>\n<p style=\"text-align: center;\"><img loading=\"lazy\" decoding=\"async\" class=\"alignnone wp-image-633 size-full\" src=\"https:\/\/ww2.fjeldskaar.com\/wp-content\/uploads\/2015\/05\/bilde65b_11.jpg\" alt=\"bilde65b_1\" width=\"500\" height=\"296\" srcset=\"https:\/\/ww2.fjeldskaar.com\/wp-content\/uploads\/2015\/05\/bilde65b_11.jpg 500w, https:\/\/ww2.fjeldskaar.com\/wp-content\/uploads\/2015\/05\/bilde65b_11-300x178.jpg 300w\" sizes=\"(max-width: 500px) 100vw, 500px\" \/><\/p>\n","protected":false},"excerpt":{"rendered":"<p>Anna og Eilifs barn og barnebarn &nbsp; Anna og Eilifs etterkommere. Fra venstre bak: Anne (datter av Egil), William, Ingjerd, Erling, Jussie (kona til Hans), Hans, Liv, Eilif (s\u00f8nn av Hans), Aslaug (kona til erling), Per (s\u00f8nn av Egil), Kirsten (kona til Egil), Egil, Kari og Dagfinn (barn av Hans). Foran fra venstre Jenny, Berit [&hellip;]<\/p>\n","protected":false},"author":1,"featured_media":0,"parent":0,"menu_order":30,"comment_status":"closed","ping_status":"closed","template":"no_sidebar.php","meta":{"jetpack_post_was_ever_published":false,"footnotes":""},"class_list":["post-629","page","type-page","status-publish","hentry"],"jetpack_sharing_enabled":true,"jetpack_shortlink":"https:\/\/wp.me\/P6aoJ2-a9","_links":{"self":[{"href":"https:\/\/ww2.fjeldskaar.com\/index.php\/wp-json\/wp\/v2\/pages\/629"}],"collection":[{"href":"https:\/\/ww2.fjeldskaar.com\/index.php\/wp-json\/wp\/v2\/pages"}],"about":[{"href":"https:\/\/ww2.fjeldskaar.com\/index.php\/wp-json\/wp\/v2\/types\/page"}],"author":[{"embeddable":true,"href":"https:\/\/ww2.fjeldskaar.com\/index.php\/wp-json\/wp\/v2\/users\/1"}],"replies":[{"embeddable":true,"href":"https:\/\/ww2.fjeldskaar.com\/index.php\/wp-json\/wp\/v2\/comments?post=629"}],"version-history":[{"count":19,"href":"https:\/\/ww2.fjeldskaar.com\/index.php\/wp-json\/wp\/v2\/pages\/629\/revisions"}],"predecessor-version":[{"id":8393,"href":"https:\/\/ww2.fjeldskaar.com\/index.php\/wp-json\/wp\/v2\/pages\/629\/revisions\/8393"}],"wp:attachment":[{"href":"https:\/\/ww2.fjeldskaar.com\/index.php\/wp-json\/wp\/v2\/media?parent=629"}],"curies":[{"name":"wp","href":"https:\/\/api.w.org\/{rel}","templated":true}]}}