{"id":6949,"date":"2020-08-24T06:36:25","date_gmt":"2020-08-24T06:36:25","guid":{"rendered":"https:\/\/ww2.fjeldskaar.com\/?page_id=6949"},"modified":"2020-09-10T21:36:48","modified_gmt":"2020-09-10T19:36:48","slug":"inger-johans-barn","status":"publish","type":"page","link":"https:\/\/ww2.fjeldskaar.com\/index.php\/torbjorgs-slekt-2\/eiane\/kilane-2\/inger-johans-barn\/","title":{"rendered":"Inger\/Johans barn"},"content":{"rendered":"<div class=\"pdfprnt-buttons pdfprnt-buttons-page pdfprnt-top-right\"><a href=\"https:\/\/ww2.fjeldskaar.com\/index.php\/wp-json\/wp\/v2\/pages\/6949?print=pdf\" class=\"pdfprnt-button pdfprnt-button-pdf\" target=\"_blank\"><img decoding=\"async\" src=\"https:\/\/ww2.fjeldskaar.com\/wp-content\/plugins\/pdf-print\/images\/pdf.png\" alt=\"image_pdf\" title=\"View PDF\" \/><\/a><a href=\"https:\/\/ww2.fjeldskaar.com\/index.php\/wp-json\/wp\/v2\/pages\/6949?print=print\" class=\"pdfprnt-button pdfprnt-button-print\" target=\"_blank\"><img decoding=\"async\" src=\"https:\/\/ww2.fjeldskaar.com\/wp-content\/plugins\/pdf-print\/images\/print.png\" alt=\"image_print\" title=\"Print Content\" \/><\/a><\/div><h1 style=\"text-align: center;\"><span style=\"font-size: 30pt; color: #806239;\">Inger og Johans barn<\/span><\/h1>\n<p style=\"text-align: center;\"><a href=\"https:\/\/ww2.fjeldskaar.com\/wp-content\/uploads\/2020\/08\/bilde20.jpg\"><img loading=\"lazy\" decoding=\"async\" class=\"alignnone wp-image-6999\" src=\"https:\/\/ww2.fjeldskaar.com\/wp-content\/uploads\/2020\/08\/bilde20.jpg\" alt=\"\" width=\"472\" height=\"580\" srcset=\"https:\/\/ww2.fjeldskaar.com\/wp-content\/uploads\/2020\/08\/bilde20.jpg 1272w, https:\/\/ww2.fjeldskaar.com\/wp-content\/uploads\/2020\/08\/bilde20-244x300.jpg 244w, https:\/\/ww2.fjeldskaar.com\/wp-content\/uploads\/2020\/08\/bilde20-768x943.jpg 768w, https:\/\/ww2.fjeldskaar.com\/wp-content\/uploads\/2020\/08\/bilde20-1251x1536.jpg 1251w\" sizes=\"(max-width: 472px) 100vw, 472px\" \/><\/a><\/p>\n<p style=\"text-align: center;\">S\u00f8sknene Anna, Klara og Elen foran; Magne, Torger bak<\/p>\n<p style=\"text-align: center;\"><a href=\"https:\/\/ww2.fjeldskaar.com\/wp-content\/uploads\/2020\/08\/bilde22bb.jpg\"><img loading=\"lazy\" decoding=\"async\" class=\"alignnone wp-image-7001\" src=\"https:\/\/ww2.fjeldskaar.com\/wp-content\/uploads\/2020\/08\/bilde22bb.jpg\" alt=\"\" width=\"468\" height=\"460\" srcset=\"https:\/\/ww2.fjeldskaar.com\/wp-content\/uploads\/2020\/08\/bilde22bb.jpg 668w, https:\/\/ww2.fjeldskaar.com\/wp-content\/uploads\/2020\/08\/bilde22bb-300x295.jpg 300w\" sizes=\"(max-width: 468px) 100vw, 468px\" \/><\/a><\/p>\n<p style=\"text-align: center;\">Seselia, Elen, Klara og Anna foran; Magne og Torger bak.<\/p>\n<p><span style=\"color: #f7efd0;\">.<\/span><\/p>\n<p><span style=\"color: #f7efd0;\">.<\/span><\/p>\n<p><span style=\"color: #f7efd0;\">.<\/span><\/p>\n<h2><span style=\"color: #806239;\"><span style=\"font-size: 24pt;\">1. Klara, f. 1895<\/span><\/span><\/h2>\n<p>f\u00f8dt <span class=\"date original\" data-test-date-original=\"\">1895 <\/span><span class=\"place original\" data-test-place-original=\"\">Mayville, Traill, North Dakota; <\/span>gift med Edvard Riskedal<\/p>\n<p><a href=\"https:\/\/ww2.fjeldskaar.com\/wp-content\/uploads\/2020\/08\/2020-08-23-0024-scaled.jpg\"><img loading=\"lazy\" decoding=\"async\" class=\"wp-image-6957 aligncenter\" src=\"https:\/\/ww2.fjeldskaar.com\/wp-content\/uploads\/2020\/08\/2020-08-23-0024-scaled.jpg\" alt=\"\" width=\"400\" height=\"578\" srcset=\"https:\/\/ww2.fjeldskaar.com\/wp-content\/uploads\/2020\/08\/2020-08-23-0024-scaled.jpg 1773w, https:\/\/ww2.fjeldskaar.com\/wp-content\/uploads\/2020\/08\/2020-08-23-0024-208x300.jpg 208w, https:\/\/ww2.fjeldskaar.com\/wp-content\/uploads\/2020\/08\/2020-08-23-0024-768x1109.jpg 768w, https:\/\/ww2.fjeldskaar.com\/wp-content\/uploads\/2020\/08\/2020-08-23-0024-1064x1536.jpg 1064w, https:\/\/ww2.fjeldskaar.com\/wp-content\/uploads\/2020\/08\/2020-08-23-0024-1418x2048.jpg 1418w\" sizes=\"(max-width: 400px) 100vw, 400px\" \/><\/a><\/p>\n<p><img loading=\"lazy\" decoding=\"async\" class=\"wp-image-7459 aligncenter\" src=\"https:\/\/ww2.fjeldskaar.com\/wp-content\/uploads\/2020\/08\/klara_usa.png\" alt=\"\" width=\"608\" height=\"92\" srcset=\"https:\/\/ww2.fjeldskaar.com\/wp-content\/uploads\/2020\/08\/klara_usa.png 1208w, https:\/\/ww2.fjeldskaar.com\/wp-content\/uploads\/2020\/08\/klara_usa-300x45.png 300w, https:\/\/ww2.fjeldskaar.com\/wp-content\/uploads\/2020\/08\/klara_usa-768x116.png 768w\" sizes=\"(max-width: 608px) 100vw, 608px\" \/><\/p>\n<p style=\"text-align: center;\">Klara reiste til USA i 1926, sammen med Edvard (som allerede var bosatt i USA) og med s\u00f8ster Secilia.<\/p>\n<p>&nbsp;<\/p>\n<h2><span style=\"color: #806239; font-size: 24pt;\">2. Johne, 1896-1933<\/span><\/h2>\n<p><span class=\"date original\" data-test-date-original=\"\">f\u00f8dt 13 November 1896 <\/span><span class=\"place original\" data-test-place-original=\"\">Mayville, Traill, North Dakota, USA; <\/span>gift med Siri V\u00e5ge. <span style=\"color: #333333;\">Johne omkom p\u00e5 sj\u00f8en i 1933.\u00a0<\/span><\/p>\n<p style=\"text-align: center;\"><a href=\"https:\/\/ww2.fjeldskaar.com\/wp-content\/uploads\/2020\/08\/2020-08-23-0023-1-scaled.jpg\"><img loading=\"lazy\" decoding=\"async\" class=\"alignnone wp-image-6952\" src=\"https:\/\/ww2.fjeldskaar.com\/wp-content\/uploads\/2020\/08\/2020-08-23-0023-1-scaled.jpg\" alt=\"\" width=\"400\" height=\"616\" srcset=\"https:\/\/ww2.fjeldskaar.com\/wp-content\/uploads\/2020\/08\/2020-08-23-0023-1-scaled.jpg 1661w, https:\/\/ww2.fjeldskaar.com\/wp-content\/uploads\/2020\/08\/2020-08-23-0023-1-195x300.jpg 195w, https:\/\/ww2.fjeldskaar.com\/wp-content\/uploads\/2020\/08\/2020-08-23-0023-1-768x1184.jpg 768w, https:\/\/ww2.fjeldskaar.com\/wp-content\/uploads\/2020\/08\/2020-08-23-0023-1-997x1536.jpg 997w, https:\/\/ww2.fjeldskaar.com\/wp-content\/uploads\/2020\/08\/2020-08-23-0023-1-1329x2048.jpg 1329w\" sizes=\"(max-width: 400px) 100vw, 400px\" \/><\/a><\/p>\n<p><span style=\"color: #f7efd0;\">.<\/span><\/p>\n<p style=\"text-align: center;\"><span style=\"color: #333333;\"><a style=\"color: #333333;\" href=\"https:\/\/ww2.fjeldskaar.com\/wp-content\/uploads\/2020\/07\/jone3.png\"><img loading=\"lazy\" decoding=\"async\" class=\"alignleft\" src=\"https:\/\/ww2.fjeldskaar.com\/wp-content\/uploads\/2020\/07\/jone3.png\" alt=\"\" width=\"266\" height=\"249\" \/><\/a><\/span><a style=\"color: #333333;\" href=\"https:\/\/ww2.fjeldskaar.com\/wp-content\/uploads\/2015\/05\/jone1b.png\"><img loading=\"lazy\" decoding=\"async\" class=\"alignleft\" src=\"https:\/\/ww2.fjeldskaar.com\/wp-content\/uploads\/2015\/05\/jone1b.png\" alt=\"\" width=\"302\" height=\"238\" \/><\/a><a style=\"color: #333333;\" href=\"https:\/\/ww2.fjeldskaar.com\/wp-content\/uploads\/2020\/07\/jone2.png\"><img loading=\"lazy\" decoding=\"async\" src=\"https:\/\/ww2.fjeldskaar.com\/wp-content\/uploads\/2020\/07\/jone2.png\" alt=\"\" width=\"109\" height=\"30\" \/><\/a><a style=\"color: #333333;\" href=\"https:\/\/ww2.fjeldskaar.com\/wp-content\/uploads\/2020\/07\/jone.png\"><img loading=\"lazy\" decoding=\"async\" class=\"alignleft\" src=\"https:\/\/ww2.fjeldskaar.com\/wp-content\/uploads\/2020\/07\/jone.png\" alt=\"\" width=\"213\" height=\"196\" \/><\/a><\/p>\n<p style=\"text-align: center;\"><span style=\"color: #333333;\"><em>\u00a0<\/em><\/span><\/p>\n<p>&nbsp;<\/p>\n<p>&nbsp;<\/p>\n<p>&nbsp;<\/p>\n<p>&nbsp;<\/p>\n<p>&nbsp;<\/p>\n<p>&nbsp;<\/p>\n<p style=\"text-align: center;\"><span style=\"color: #333333;\"><em>Fra Stavanger Aftenblad 2. februar 1933 (trykk for st\u00f8rre bilde)<\/em><\/span><\/p>\n<p><img loading=\"lazy\" decoding=\"async\" class=\"size-full wp-image-6997 aligncenter\" src=\"https:\/\/ww2.fjeldskaar.com\/wp-content\/uploads\/2020\/08\/377.jpg\" alt=\"\" width=\"540\" height=\"480\" srcset=\"https:\/\/ww2.fjeldskaar.com\/wp-content\/uploads\/2020\/08\/377.jpg 540w, https:\/\/ww2.fjeldskaar.com\/wp-content\/uploads\/2020\/08\/377-300x267.jpg 300w\" sizes=\"(max-width: 540px) 100vw, 540px\" \/><\/p>\n<p style=\"text-align: center;\">&laquo;S. Kilane&raquo; ble drevet av Siri Kilane, gift med Johne<\/p>\n<p><span style=\"color: #f7efd0;\">.<\/span><\/p>\n<p><span style=\"color: #f7efd0;\">.<\/span><\/p>\n<h2><span style=\"color: #806239; font-size: 24pt;\">3. Siri, 1898-1921<\/span><\/h2>\n<p><span style=\"color: #333333;\">Siri d\u00f8de i februar 1921 av tuberkulose.\u00a0<\/span><\/p>\n<p>&nbsp;<\/p>\n<p><a href=\"https:\/\/ww2.fjeldskaar.com\/wp-content\/uploads\/2020\/08\/siri4.jpg\"><img loading=\"lazy\" decoding=\"async\" class=\"aligncenter wp-image-6968\" src=\"https:\/\/ww2.fjeldskaar.com\/wp-content\/uploads\/2020\/08\/output-onlinepngtools-2020-08-24T093041.490.png\" alt=\"\" width=\"300\" height=\"400\" srcset=\"https:\/\/ww2.fjeldskaar.com\/wp-content\/uploads\/2020\/08\/output-onlinepngtools-2020-08-24T093041.490.png 354w, https:\/\/ww2.fjeldskaar.com\/wp-content\/uploads\/2020\/08\/output-onlinepngtools-2020-08-24T093041.490-225x300.png 225w\" sizes=\"(max-width: 300px) 100vw, 300px\" \/><img loading=\"lazy\" decoding=\"async\" class=\"alignnone wp-image-7035\" src=\"https:\/\/ww2.fjeldskaar.com\/wp-content\/uploads\/2020\/08\/siri4.jpg\" alt=\"\" width=\"769\" height=\"46\" srcset=\"https:\/\/ww2.fjeldskaar.com\/wp-content\/uploads\/2020\/08\/siri4.jpg 1029w, https:\/\/ww2.fjeldskaar.com\/wp-content\/uploads\/2020\/08\/siri4-300x18.jpg 300w, https:\/\/ww2.fjeldskaar.com\/wp-content\/uploads\/2020\/08\/siri4-768x46.jpg 768w\" sizes=\"(max-width: 769px) 100vw, 769px\" \/><\/a><\/p>\n<p><span style=\"color: #f7efd0;\">.<\/span><\/p>\n<p><span style=\"color: #f7efd0;\">.<\/span><\/p>\n<p><span style=\"color: #f7efd0;\">.<\/span><\/p>\n<h2><span style=\"color: #806239; font-size: 24pt;\">4. \u00d8ystine, 1899-1921<\/span><\/h2>\n<p><span style=\"color: #333333;\">\u00d8ystine d\u00f8de i\u00a0 januar 1921 av tuberkulose. Johan hentet hjem begge de d\u00f8de d\u00f8trene i b\u00e5t fra Hagavik, Bergen.\u00a0<\/span><\/p>\n<p><img loading=\"lazy\" decoding=\"async\" class=\"aligncenter wp-image-7031\" src=\"https:\/\/ww2.fjeldskaar.com\/wp-content\/uploads\/2020\/08\/output-onlinepngtools-2020-08-24T203433.879.png\" alt=\"\" width=\"300\" height=\"393\" srcset=\"https:\/\/ww2.fjeldskaar.com\/wp-content\/uploads\/2020\/08\/output-onlinepngtools-2020-08-24T203433.879.png 397w, https:\/\/ww2.fjeldskaar.com\/wp-content\/uploads\/2020\/08\/output-onlinepngtools-2020-08-24T203433.879-229x300.png 229w\" sizes=\"(max-width: 300px) 100vw, 300px\" \/><\/p>\n<p style=\"text-align: center;\"><a href=\"https:\/\/ww2.fjeldskaar.com\/wp-content\/uploads\/2020\/08\/oistine4.jpg\"><img loading=\"lazy\" decoding=\"async\" class=\"alignnone wp-image-7036\" src=\"https:\/\/ww2.fjeldskaar.com\/wp-content\/uploads\/2020\/08\/oistine4.jpg\" alt=\"\" width=\"766\" height=\"43\" srcset=\"https:\/\/ww2.fjeldskaar.com\/wp-content\/uploads\/2020\/08\/oistine4.jpg 1006w, https:\/\/ww2.fjeldskaar.com\/wp-content\/uploads\/2020\/08\/oistine4-300x17.jpg 300w, https:\/\/ww2.fjeldskaar.com\/wp-content\/uploads\/2020\/08\/oistine4-1000x57.jpg 1000w, https:\/\/ww2.fjeldskaar.com\/wp-content\/uploads\/2020\/08\/oistine4-768x44.jpg 768w\" sizes=\"(max-width: 766px) 100vw, 766px\" \/><\/a><\/p>\n<p><span style=\"color: #f7efd0;\">.<\/span><\/p>\n<p><span style=\"color: #f7efd0;\">.<\/span><\/p>\n<h2><span style=\"color: #806239; font-size: 24pt;\">5. Elen, f. 1901<\/span><\/h2>\n<p>gift med Anbj\u00f8rn Marvik<\/p>\n<p>&nbsp;<\/p>\n<p style=\"text-align: center;\"><a href=\"https:\/\/ww2.fjeldskaar.com\/wp-content\/uploads\/2020\/08\/2020-08-23-0021-scaled.jpg\"><img loading=\"lazy\" decoding=\"async\" class=\"alignnone wp-image-6955\" src=\"https:\/\/ww2.fjeldskaar.com\/wp-content\/uploads\/2020\/08\/2020-08-23-0021-scaled.jpg\" alt=\"\" width=\"400\" height=\"575\" srcset=\"https:\/\/ww2.fjeldskaar.com\/wp-content\/uploads\/2020\/08\/2020-08-23-0021-scaled.jpg 1780w, https:\/\/ww2.fjeldskaar.com\/wp-content\/uploads\/2020\/08\/2020-08-23-0021-209x300.jpg 209w, https:\/\/ww2.fjeldskaar.com\/wp-content\/uploads\/2020\/08\/2020-08-23-0021-768x1104.jpg 768w, https:\/\/ww2.fjeldskaar.com\/wp-content\/uploads\/2020\/08\/2020-08-23-0021-1068x1536.jpg 1068w, https:\/\/ww2.fjeldskaar.com\/wp-content\/uploads\/2020\/08\/2020-08-23-0021-1424x2048.jpg 1424w\" sizes=\"(max-width: 400px) 100vw, 400px\" \/><\/a><\/p>\n<p style=\"text-align: center;\"><a href=\"https:\/\/ww2.fjeldskaar.com\/wp-content\/uploads\/2020\/08\/output-onlinepngtools-2020-08-30T124158.348.png\"><img loading=\"lazy\" decoding=\"async\" class=\"alignnone wp-image-7460\" src=\"https:\/\/ww2.fjeldskaar.com\/wp-content\/uploads\/2020\/08\/output-onlinepngtools-2020-08-30T124158.348.png\" alt=\"\" width=\"461\" height=\"352\" srcset=\"https:\/\/ww2.fjeldskaar.com\/wp-content\/uploads\/2020\/08\/output-onlinepngtools-2020-08-30T124158.348.png 861w, https:\/\/ww2.fjeldskaar.com\/wp-content\/uploads\/2020\/08\/output-onlinepngtools-2020-08-30T124158.348-300x229.png 300w, https:\/\/ww2.fjeldskaar.com\/wp-content\/uploads\/2020\/08\/output-onlinepngtools-2020-08-30T124158.348-768x586.png 768w\" sizes=\"(max-width: 461px) 100vw, 461px\" \/><\/a><\/p>\n<p style=\"text-align: center;\">Elen reiste til USA i 1927<\/p>\n<p><span style=\"color: #f7efd0;\">.<\/span><\/p>\n<p><span style=\"color: #f7efd0;\">.<\/span><\/p>\n<p>&nbsp;<\/p>\n<h2><span style=\"color: #806239; font-size: 24pt;\">6. Secilia, f. 1902<\/span><\/h2>\n<p>gift med Arthur Moe<\/p>\n<p style=\"text-align: center;\"><a href=\"https:\/\/ww2.fjeldskaar.com\/wp-content\/uploads\/2020\/08\/seselia2.jpg\"><img loading=\"lazy\" decoding=\"async\" class=\"alignnone wp-image-7006\" src=\"https:\/\/ww2.fjeldskaar.com\/wp-content\/uploads\/2020\/08\/seselia2.jpg\" alt=\"\" width=\"275\" height=\"457\" srcset=\"https:\/\/ww2.fjeldskaar.com\/wp-content\/uploads\/2020\/08\/seselia2.jpg 1498w, https:\/\/ww2.fjeldskaar.com\/wp-content\/uploads\/2020\/08\/seselia2-181x300.jpg 181w, https:\/\/ww2.fjeldskaar.com\/wp-content\/uploads\/2020\/08\/seselia2-768x1276.jpg 768w, https:\/\/ww2.fjeldskaar.com\/wp-content\/uploads\/2020\/08\/seselia2-925x1536.jpg 925w, https:\/\/ww2.fjeldskaar.com\/wp-content\/uploads\/2020\/08\/seselia2-1233x2048.jpg 1233w\" sizes=\"(max-width: 275px) 100vw, 275px\" \/><\/a><\/p>\n<p style=\"text-align: center;\"><a href=\"https:\/\/ww2.fjeldskaar.com\/wp-content\/uploads\/2020\/08\/output-onlinepngtools-2020-08-30T124358.823.png\"><img loading=\"lazy\" decoding=\"async\" class=\"alignnone wp-image-7462\" src=\"https:\/\/ww2.fjeldskaar.com\/wp-content\/uploads\/2020\/08\/output-onlinepngtools-2020-08-30T124358.823.png\" alt=\"\" width=\"453\" height=\"347\" srcset=\"https:\/\/ww2.fjeldskaar.com\/wp-content\/uploads\/2020\/08\/output-onlinepngtools-2020-08-30T124358.823.png 853w, https:\/\/ww2.fjeldskaar.com\/wp-content\/uploads\/2020\/08\/output-onlinepngtools-2020-08-30T124358.823-300x230.png 300w, https:\/\/ww2.fjeldskaar.com\/wp-content\/uploads\/2020\/08\/output-onlinepngtools-2020-08-30T124358.823-768x589.png 768w\" sizes=\"(max-width: 453px) 100vw, 453px\" \/><\/a><\/p>\n<p style=\"text-align: center;\">Secilia reiste til USA i 1926, sammen med s\u00f8ster Klara.<\/p>\n<p><span style=\"color: #f7efd0;\">.<\/span><\/p>\n<p><span style=\"color: #f7efd0;\">.<\/span><\/p>\n<h2><span style=\"color: #806239; font-size: 24pt;\">7. Martha, f. 1903<\/span><\/h2>\n<p><span style=\"color: #333333;\">d\u00f8de av hjernebetennelse bare 7 \u00e5r gammel.<\/span><\/p>\n<p><img loading=\"lazy\" decoding=\"async\" class=\"alignnone size-full wp-image-7017 aligncenter\" src=\"https:\/\/ww2.fjeldskaar.com\/wp-content\/uploads\/2020\/08\/output-onlinepngtools-2020-08-24T192707.155.png\" alt=\"\" width=\"177\" height=\"414\" srcset=\"https:\/\/ww2.fjeldskaar.com\/wp-content\/uploads\/2020\/08\/output-onlinepngtools-2020-08-24T192707.155.png 177w, https:\/\/ww2.fjeldskaar.com\/wp-content\/uploads\/2020\/08\/output-onlinepngtools-2020-08-24T192707.155-128x300.png 128w\" sizes=\"(max-width: 177px) 100vw, 177px\" \/><\/p>\n<p><img loading=\"lazy\" decoding=\"async\" class=\"size-full wp-image-7038 aligncenter\" src=\"https:\/\/ww2.fjeldskaar.com\/wp-content\/uploads\/2020\/08\/marta3.jpg\" alt=\"\" width=\"769\" height=\"94\" srcset=\"https:\/\/ww2.fjeldskaar.com\/wp-content\/uploads\/2020\/08\/marta3.jpg 769w, https:\/\/ww2.fjeldskaar.com\/wp-content\/uploads\/2020\/08\/marta3-300x37.jpg 300w\" sizes=\"(max-width: 769px) 100vw, 769px\" \/><\/p>\n<p><a href=\"https:\/\/ww2.fjeldskaar.com\/wp-content\/uploads\/2020\/08\/marta.jpg\"><img loading=\"lazy\" decoding=\"async\" class=\"wp-image-7033 aligncenter\" src=\"https:\/\/ww2.fjeldskaar.com\/wp-content\/uploads\/2020\/08\/marta.jpg\" alt=\"\" width=\"769\" height=\"44\" srcset=\"https:\/\/ww2.fjeldskaar.com\/wp-content\/uploads\/2020\/08\/marta.jpg 969w, https:\/\/ww2.fjeldskaar.com\/wp-content\/uploads\/2020\/08\/marta-300x17.jpg 300w, https:\/\/ww2.fjeldskaar.com\/wp-content\/uploads\/2020\/08\/marta-768x44.jpg 768w\" sizes=\"(max-width: 769px) 100vw, 769px\" \/><\/a><\/p>\n<p><span style=\"color: #f7efd0;\">.<\/span><\/p>\n<p><span style=\"color: #f7efd0;\">..<\/span><\/p>\n<p><span style=\"color: #f7efd0;\">.<\/span><\/p>\n<p><span style=\"color: #f7efd0;\">.<\/span><\/p>\n<h2><span style=\"color: #806239; font-size: 24pt;\">8. \u00d8ystein, 1906-1944<\/span><\/h2>\n<p><span style=\"color: #333333;\">\u00d8ystein var i Chicago f\u00f8r krigen, men vendte hjem og d\u00f8de som arbeider\/maler p\u00e5 Ramsvik tuberkulosehjem i Stavanger 1944.<\/span><\/p>\n<p>&nbsp;<\/p>\n<p><a href=\"https:\/\/ww2.fjeldskaar.com\/wp-content\/uploads\/2020\/08\/output-onlinepngtools-2020-08-30T124545.248.png\"><img loading=\"lazy\" decoding=\"async\" class=\"aligncenter wp-image-7005\" src=\"https:\/\/ww2.fjeldskaar.com\/wp-content\/uploads\/2020\/08\/oystein2-1.jpg\" alt=\"\" width=\"275\" height=\"370\" srcset=\"https:\/\/ww2.fjeldskaar.com\/wp-content\/uploads\/2020\/08\/oystein2-1.jpg 1552w, https:\/\/ww2.fjeldskaar.com\/wp-content\/uploads\/2020\/08\/oystein2-1-223x300.jpg 223w, https:\/\/ww2.fjeldskaar.com\/wp-content\/uploads\/2020\/08\/oystein2-1-768x1034.jpg 768w, https:\/\/ww2.fjeldskaar.com\/wp-content\/uploads\/2020\/08\/oystein2-1-1141x1536.jpg 1141w, https:\/\/ww2.fjeldskaar.com\/wp-content\/uploads\/2020\/08\/oystein2-1-1521x2048.jpg 1521w\" sizes=\"(max-width: 275px) 100vw, 275px\" \/><img loading=\"lazy\" decoding=\"async\" class=\"wp-image-7464 aligncenter\" src=\"https:\/\/ww2.fjeldskaar.com\/wp-content\/uploads\/2020\/08\/output-onlinepngtools-2020-08-30T124545.248.png\" alt=\"\" width=\"454\" height=\"344\" srcset=\"https:\/\/ww2.fjeldskaar.com\/wp-content\/uploads\/2020\/08\/output-onlinepngtools-2020-08-30T124545.248.png 854w, https:\/\/ww2.fjeldskaar.com\/wp-content\/uploads\/2020\/08\/output-onlinepngtools-2020-08-30T124545.248-300x228.png 300w, https:\/\/ww2.fjeldskaar.com\/wp-content\/uploads\/2020\/08\/output-onlinepngtools-2020-08-30T124545.248-768x583.png 768w\" sizes=\"(max-width: 454px) 100vw, 454px\" \/><\/a><\/p>\n<p style=\"text-align: center;\">\u00d8ystein reiste til USA i 1930<\/p>\n<p><span style=\"color: #f7efd0;\">.<\/span><\/p>\n<p><span style=\"color: #f7efd0;\">.<\/span><\/p>\n<h2><span style=\"color: #800000;\"><span style=\"font-size: 24pt; color: #806239;\">9. Anna, f. 1908<\/span><br \/>\n<\/span><\/h2>\n<p><span style=\"color: #333333;\">gift med Lars S\u00f8rsk\u00e5r<\/span><\/p>\n<p><a href=\"https:\/\/ww2.fjeldskaar.com\/wp-content\/uploads\/2020\/08\/2020-08-23-0022-scaled.jpg\"><img loading=\"lazy\" decoding=\"async\" class=\"wp-image-6956 aligncenter\" src=\"https:\/\/ww2.fjeldskaar.com\/wp-content\/uploads\/2020\/08\/2020-08-23-0022-scaled.jpg\" alt=\"\" width=\"400\" height=\"612\" srcset=\"https:\/\/ww2.fjeldskaar.com\/wp-content\/uploads\/2020\/08\/2020-08-23-0022-scaled.jpg 1673w, https:\/\/ww2.fjeldskaar.com\/wp-content\/uploads\/2020\/08\/2020-08-23-0022-196x300.jpg 196w, https:\/\/ww2.fjeldskaar.com\/wp-content\/uploads\/2020\/08\/2020-08-23-0022-768x1175.jpg 768w, https:\/\/ww2.fjeldskaar.com\/wp-content\/uploads\/2020\/08\/2020-08-23-0022-1004x1536.jpg 1004w, https:\/\/ww2.fjeldskaar.com\/wp-content\/uploads\/2020\/08\/2020-08-23-0022-1339x2048.jpg 1339w\" sizes=\"(max-width: 400px) 100vw, 400px\" \/><\/a><\/p>\n<p><span style=\"color: #f7efd0;\">.<\/span><\/p>\n<p><span style=\"color: #f7efd0;\">.<\/span><\/p>\n<p>&nbsp;<\/p>\n<h2><span style=\"color: #806239; font-size: 24pt;\">10. Torger, 1909-1978<\/span><\/h2>\n<p>gift med Magda Larsen; se <span style=\"color: #0000ff;\"><a style=\"color: #0000ff;\" href=\"https:\/\/wp.me\/P6aoJ2-7Q\">her<\/a><\/span>.<\/p>\n<p><span style=\"color: #f7efd0;\">.<\/span><\/p>\n<p><span style=\"color: #f7efd0;\">.<\/span><\/p>\n<p>&nbsp;<\/p>\n<h2><span style=\"color: #806239; font-size: 24pt;\">11. Magne, f. 1912<\/span><\/h2>\n<p>gift med Dorthea Kommedal<\/p>\n<p><img loading=\"lazy\" decoding=\"async\" class=\"size-full wp-image-6989 aligncenter\" src=\"https:\/\/ww2.fjeldskaar.com\/wp-content\/uploads\/2020\/08\/magne.png\" alt=\"\" width=\"104\" height=\"105\" \/><\/p>\n<p><span style=\"color: #f7efd0;\">.<\/span><\/p>\n<p><span style=\"color: #f7efd0;\">.<\/span><\/p>\n<p><span style=\"color: #f7efd0;\">.<\/span><\/p>\n<h2><span style=\"color: #806239; font-size: 24pt;\">12. Sigurd, f. 1915<\/span><\/h2>\n<p>gift med Karen B\u00f8en<\/p>\n<p><img loading=\"lazy\" decoding=\"async\" class=\"alignnone size-full wp-image-6995 aligncenter\" src=\"https:\/\/ww2.fjeldskaar.com\/wp-content\/uploads\/2020\/08\/sigurd.jpg\" alt=\"\" width=\"154\" height=\"194\" \/><\/p>\n<p><span style=\"color: #f7efd0;\">.<\/span><\/p>\n<p><span style=\"color: #f7efd0;\">.<\/span><\/p>\n<p>&nbsp;<\/p>\n","protected":false},"excerpt":{"rendered":"<p>Inger og Johans barn S\u00f8sknene Anna, Klara og Elen foran; Magne, Torger bak Seselia, Elen, Klara og Anna foran; Magne og Torger bak. . . . 1. Klara, f. 1895 f\u00f8dt 1895 Mayville, Traill, North Dakota; gift med Edvard Riskedal Klara reiste til USA i 1926, sammen med Edvard (som allerede var bosatt i USA) [&hellip;]<\/p>\n","protected":false},"author":1,"featured_media":0,"parent":489,"menu_order":0,"comment_status":"closed","ping_status":"closed","template":"no_sidebar.php","meta":{"jetpack_post_was_ever_published":false,"footnotes":""},"class_list":["post-6949","page","type-page","status-publish","hentry"],"jetpack_sharing_enabled":true,"jetpack_shortlink":"https:\/\/wp.me\/P6aoJ2-1O5","_links":{"self":[{"href":"https:\/\/ww2.fjeldskaar.com\/index.php\/wp-json\/wp\/v2\/pages\/6949"}],"collection":[{"href":"https:\/\/ww2.fjeldskaar.com\/index.php\/wp-json\/wp\/v2\/pages"}],"about":[{"href":"https:\/\/ww2.fjeldskaar.com\/index.php\/wp-json\/wp\/v2\/types\/page"}],"author":[{"embeddable":true,"href":"https:\/\/ww2.fjeldskaar.com\/index.php\/wp-json\/wp\/v2\/users\/1"}],"replies":[{"embeddable":true,"href":"https:\/\/ww2.fjeldskaar.com\/index.php\/wp-json\/wp\/v2\/comments?post=6949"}],"version-history":[{"count":55,"href":"https:\/\/ww2.fjeldskaar.com\/index.php\/wp-json\/wp\/v2\/pages\/6949\/revisions"}],"predecessor-version":[{"id":7611,"href":"https:\/\/ww2.fjeldskaar.com\/index.php\/wp-json\/wp\/v2\/pages\/6949\/revisions\/7611"}],"up":[{"embeddable":true,"href":"https:\/\/ww2.fjeldskaar.com\/index.php\/wp-json\/wp\/v2\/pages\/489"}],"wp:attachment":[{"href":"https:\/\/ww2.fjeldskaar.com\/index.php\/wp-json\/wp\/v2\/media?parent=6949"}],"curies":[{"name":"wp","href":"https:\/\/api.w.org\/{rel}","templated":true}]}}