{"id":7648,"date":"2020-09-10T23:18:34","date_gmt":"2020-09-10T21:18:34","guid":{"rendered":"https:\/\/ww2.fjeldskaar.com\/?page_id=7648"},"modified":"2020-10-15T20:26:15","modified_gmt":"2020-10-15T18:26:15","slug":"to-biskoper","status":"publish","type":"page","link":"https:\/\/ww2.fjeldskaar.com\/index.php\/torbjorgs-slekt-2\/to-biskoper\/","title":{"rendered":"To biskoper &#038; eftf"},"content":{"rendered":"<div class=\"pdfprnt-buttons pdfprnt-buttons-page pdfprnt-top-right\"><a href=\"https:\/\/ww2.fjeldskaar.com\/index.php\/wp-json\/wp\/v2\/pages\/7648?print=pdf\" class=\"pdfprnt-button pdfprnt-button-pdf\" target=\"_blank\"><img decoding=\"async\" src=\"https:\/\/ww2.fjeldskaar.com\/wp-content\/plugins\/pdf-print\/images\/pdf.png\" alt=\"image_pdf\" title=\"View PDF\" \/><\/a><a href=\"https:\/\/ww2.fjeldskaar.com\/index.php\/wp-json\/wp\/v2\/pages\/7648?print=print\" class=\"pdfprnt-button pdfprnt-button-print\" target=\"_blank\"><img decoding=\"async\" src=\"https:\/\/ww2.fjeldskaar.com\/wp-content\/plugins\/pdf-print\/images\/print.png\" alt=\"image_print\" title=\"Print Content\" \/><\/a><\/div><h2 style=\"text-align: center;\"><span style=\"color: #806239; font-size: 30pt;\">Biskop Jens Peders\u00f8n Schjelderup\u00a0<\/span><\/h2>\n<p style=\"text-align: center;\"><img loading=\"lazy\" decoding=\"async\" class=\"alignnone wp-image-1990 size-medium\" src=\"https:\/\/ww2.fjeldskaar.com\/wp-content\/uploads\/2015\/08\/bergen-domkirke-225x300.jpg\" alt=\"bergen-domkirke\" width=\"225\" height=\"300\" srcset=\"https:\/\/ww2.fjeldskaar.com\/wp-content\/uploads\/2015\/08\/bergen-domkirke-225x300.jpg 225w, https:\/\/ww2.fjeldskaar.com\/wp-content\/uploads\/2015\/08\/bergen-domkirke.jpg 360w\" sizes=\"(max-width: 225px) 100vw, 225px\" \/><\/p>\n<p style=\"text-align: center;\">Bergen domkirke<\/p>\n<p style=\"text-align: justify;\">Dansk Biografisk Leksikon, 1984, side 47: &laquo;Schjelderup, Jens Pedersen, omkring 1510-1582, Biskop, var f\u00f8dt i Jylland. Etter avsluttede Studier ved Universitetene i K\u00f8benhavn og Wittenberg fikk han f\u00f8rst betrodd en lavere l\u00e6rerstilling ved H\u00f8yskolen i Danmarks Hovedstad og ble derp\u00e5 omkring 1550 utnevnt til Professor i fysikk. Snart begynte han imidlertid \u00e5 legge seg etter legevitenskapen hvor han tok Doktorgraden ved Universitetet i Rostock (1556), visstnok med det m\u00e5l for \u00f8ye a bli medisinsk Professor i K\u00f8benhavn etter sin svigerfar, Dr. Peter Capeteyn (III, 353). Ved hans d\u00f8d ble han mot forventning tilsidesatt for en annen, og dette kunne muligens ha v\u00e6rt en medvirkende \u00e5rsak til, at han, skj\u00f8nt under meget tvilr\u00e5dighet, mottok kallet fra Kongen til \u00e5 bli Biskop i Bergen, til hvilket embete han ble innviet, visstnok av Peder Palladius, i juli 1557.<\/p>\n<p style=\"text-align: justify;\">Skj\u00f8nt Schjelderup var naturvitenskapsmann av fag, hadde han dog mange og gode betingelser for \u00e5 bli en dyktig Biskop. Teologien var jo den gang vitenskapenes vitenskap, som alle i mer eller mindre Grad var hjemme i. Schjelderup var i sin f\u00f8rste studietid blitt p\u00e5virket av Niels Hemmingsen i religi\u00f8s henseende; han var den lutherske Kirke oppriktig hengiven; han hadde kort f\u00f8r sin utnevnelse avgitt en erkl\u00e6ring, der avga betryggende vitnesbyrd for, at han i nattverdl\u00e6ren stod p\u00e5 ren luthersk grunn. Som Biskop i Bergen viser han seg som en s\u00e5re energisk mann, der med overlegen dyktighet kjempet seg igjennom de mange vanskeligheter, som stilte seg i veien for ham. Han var en flittig Visitator, han tok seg med iver av sitt Presteskap, som han s\u00f8kte \u00e5 heve b\u00e5de intellektuelt og moralsk, han virket med nidkj\u00e6rhet for utviklingen av Stiftets Latinskole, hvor den teologiske Lektor Absalon Pedersen virket til s\u00e5 rik velsignelse.<\/p>\n<p style=\"text-align: justify;\">Hva som vakte st\u00f8rst oppmerksomhet i Biskopens Samtid, og hva som mest har virket til \u00e5 bevare hans minne levende i hans ettertid, det er den heftige strid mellom han og byr\u00e5det i Bergen, som br\u00f8t l\u00f8s i begynnelsen av 1570, etter at han, tilskyndet av den danske Riksr\u00e5d J\u00f8rgen Lykke under hans opphold i Bergen 1568, hadde fjernet fra H\u00f8yalteret i sin Domkirke noen Helgenbilder, som gamle folk fremdeles tilba p\u00e5 katolsk vis, og som han i lengre tid forgjeves hadde anmodet R\u00e5det om \u00e5 ta bort. Det mest interessante ved denne bildstrid, som fant sin avslutning ved et slags forlig mellom Biskopen og Borgmesteren i begynnelsen av 1571, er det merkelige lille skrift, som han utga det f\u00f8lgende \u00e5r: \u00abEn kristelig Undervisning af den hellige Skrift om, hvad en Kristen skal holde om Billeder og St\u00f8tter udi Kirkerne\u00bb. Dette skrift, hvor kun 2 eksemplarer er oppbevarte, er i sannhet et nydelig minne om sin forfatters reformatoriske iver, varme Bispehjerter og dyktige framstillingsevne, om det enn er s\u00e5, at han undertiden i stridens hete g\u00e5r noe for i sin ford\u00f8mmelsesdom over de i Kirkene forh\u00e5ndenv\u00e6rende bilder fra gammel tid.<\/p>\n<p style=\"text-align: justify;\">I 1582 gikk Schjelderup av ved d\u00f8den, h\u00f8yt aktet b\u00e5de i sitt hjemland og i utlandet, hvor den bekjente Professor i Rostock David Chytr\u00e6us med mange lovord tilegnet han en ny utgave av sin \u00abOnomasticum theologicum\u00bb (1578). Han levde et lykkelig familieliv med sin hustru, Susanne Lennertsdatter, som med sikkerhet kan ses \u00e5 v\u00e6re f\u00f8dt i Danmark, og som m\u00e5 antas \u00e5 ha v\u00e6rt Professor Capeteyns Pleiedatter eller Stedatter. Deres Datter Adriane ble gift med den bekjente Stavangerbiskop Mag. J\u00f8rgen Eriksen (IV, 559); deres s\u00f8nn Peder Schjelderup og dennes s\u00f8nn Jens Schjelderup ble begge Biskoper.<\/p>\n<p><span style=\"color: #f7efd0;\">.<\/span><\/p>\n<p><span style=\"color: #f7efd0;\">.<\/span><\/p>\n<h2 style=\"text-align: center;\"><span style=\"font-size: 30pt; color: #806239;\">\u00a0Biskop J\u00f8rgen Erikss\u00f8n, 1571-1604<\/span><\/h2>\n<div><\/div>\n<p style=\"text-align: center;\"><a href=\"https:\/\/ww2.fjeldskaar.com\/wp-content\/uploads\/2020\/10\/JorgenEriksen.jpg\"><img loading=\"lazy\" decoding=\"async\" class=\"alignnone wp-image-7967\" src=\"https:\/\/ww2.fjeldskaar.com\/wp-content\/uploads\/2020\/10\/JorgenEriksen.jpg\" alt=\"\" width=\"514\" height=\"658\" srcset=\"https:\/\/ww2.fjeldskaar.com\/wp-content\/uploads\/2020\/10\/JorgenEriksen.jpg 1014w, https:\/\/ww2.fjeldskaar.com\/wp-content\/uploads\/2020\/10\/JorgenEriksen-234x300.jpg 234w, https:\/\/ww2.fjeldskaar.com\/wp-content\/uploads\/2020\/10\/JorgenEriksen-768x984.jpg 768w\" sizes=\"(max-width: 514px) 100vw, 514px\" \/><\/a><\/p>\n<p>&nbsp;<\/p>\n<div style=\"text-align: center;\"><em>J\u00f8rgen Eriksson var biskop i Stavanger i perioden 1571-1604.\u00a0Eriksson ble ofte kalt &laquo;Norges Luther&raquo;.<\/em><\/div>\n<div><\/div>\n<div><\/div>\n<div style=\"text-align: justify;\"><em>Han var f\u00f8dt i Haderslev i 1535. I 1559 m\u00f8ter vi han som rektor p\u00e5 latinskolen i Bergen. Etter et \u00e5rs forl\u00f8p ble han slottsprest p\u00e5 Bergenhus.\u00a0Han giftet seg med Bergens-biskop Schelderups datter.\u00a0&laquo;Eriksson var kanskje den mest betydelige skikkelse i den norske kirke i reformasjons\u00e5rhundre. En kan si at det f\u00f8rst var ved J\u00f8rgen Erikssons innsats at reformasjonen ble s\u00e5nn noenlunde stabilisert som kirkelig ordning i stiftet&raquo; (if\u00f8lge Wisl\u00f8ffs kirkehistorie).\u00a0<\/em><\/div>\n<div style=\"text-align: justify;\"><em><span style=\"color: #f7efd0;\">&#8230;..<\/span>Vi merker hans sterke initiativ allerede p\u00e5 stiftssynoden i 1573. her ble viktige beslutninger fattet. Prestene fikk beskjed om \u00e5 skikke seg etter kongens ordinans b\u00e5de med hensyn til liv og l\u00e6re. S\u00e6rlig ble det innprentet at de ikke m\u00e5tte ligge i strid med hverandre. At denne formaning var h\u00f8yst p\u00e5krevet er det flere konkrete bevis p\u00e5 i form av forargerlige stridigheter mellom prester.<\/em><br \/>\n<em><span style=\"color: #ffffff;\">&#8230;..<\/span>Meget interessante er Stavanger-synodens bestemmelser ang\u00e5ende sakramentene. Synoden sl\u00e5r fast at heretter skal man bare d\u00f8pe ved over\u00f8sning, &laquo;efterdi man ikke uten barnens skade om vinteren kan blotte den ganske kropp p\u00e5 barnet&raquo;.<\/em><\/div>\n<div style=\"text-align: justify;\"><img loading=\"lazy\" decoding=\"async\" class=\"alignnone size-full wp-image-1953 aligncenter\" src=\"https:\/\/ww2.fjeldskaar.com\/wp-content\/uploads\/2015\/05\/1592_J\u00f8rgen_Eriksson_Jonas.jpg\" alt=\"1592_J\u00f8rgen_Eriksson_Jonas\" width=\"220\" height=\"290\" \/><br \/>\n<em><span style=\"color: #ffffff;\">&#8230;..<\/span>J\u00f8rgen Erikss\u00f8ns navn er ikke minst knyttet til boken &laquo;Jon\u00e6 Prophetis ski\u00f8na Historia, udi 24. Predicken begrepen&raquo; (trykket i K\u00f8benhavn 1592). Boken bygger p\u00e5 prekener som biskopen hadde holdt igjennom flere \u00e5r i sin domkirke. Det er den betydeligste vitnesbyrd vi har om forkynnelsen i den norske kirke i reformasjons\u00e5rhundret.\u00a0<\/em><br \/>\n<em><span style=\"color: #ffffff;\">&#8230;..<\/span>Vi m\u00f8ter i hans bok den samme milde lutherdom som hos Jens Nilss\u00f8n og mange andre norske og danske kirkemenn p\u00e5 denne tiden. Det er i forkynnelsen av den sanne bot at J\u00f8rgen Erikss\u00f8n har sin styrke. Han vil kalle ubotferdige mennesker til et nytt liv, det m\u00e5 bli slutt p\u00e5 syndens herred\u00f8mme blant oss. Men han er milevidt fra religi\u00f8s moralisme. P\u00f8nitensen (fromheten) er tross alt mer enn Guds gave enn den er menneskets gjerning, sier han. <\/em>(etter Carl Fr Wisl\u00f8ff Norsk Kirkehistorie)<\/div>\n<div><\/div>\n<p><span style=\"color: #f7efd0;\">.<\/span>Hvordan disse biskopene kommer inn blant Torbj\u00f8rgs aner, kan vi se <span style=\"color: #0000ff;\"><strong><a style=\"color: #0000ff;\" href=\"https:\/\/wp.me\/P6aoJ2-FU\">her<\/a><\/strong><\/span>.<\/p>\n<p><span style=\"color: #f7efd0;\">.<\/span><\/p>\n<p><strong>Referanser<\/strong><br \/>\nR\u00f8rdam, Kbhvns Universitets Hist. 1537-1621 I, 629 ff.<br \/>\nA. C. Bang, Den norske Kirkes Hist. i Reformations-Aarh. S. 44 ff.<\/p>\n","protected":false},"excerpt":{"rendered":"<p>Biskop Jens Peders\u00f8n Schjelderup\u00a0 Bergen domkirke Dansk Biografisk Leksikon, 1984, side 47: &laquo;Schjelderup, Jens Pedersen, omkring 1510-1582, Biskop, var f\u00f8dt i Jylland. Etter avsluttede Studier ved Universitetene i K\u00f8benhavn og Wittenberg fikk han f\u00f8rst betrodd en lavere l\u00e6rerstilling ved H\u00f8yskolen i Danmarks Hovedstad og ble derp\u00e5 omkring 1550 utnevnt til Professor i fysikk. Snart begynte [&hellip;]<\/p>\n","protected":false},"author":1,"featured_media":0,"parent":9,"menu_order":3,"comment_status":"closed","ping_status":"closed","template":"no_sidebar.php","meta":{"jetpack_post_was_ever_published":false,"footnotes":""},"class_list":["post-7648","page","type-page","status-publish","hentry"],"jetpack_sharing_enabled":true,"jetpack_shortlink":"https:\/\/wp.me\/P6aoJ2-1Zm","_links":{"self":[{"href":"https:\/\/ww2.fjeldskaar.com\/index.php\/wp-json\/wp\/v2\/pages\/7648"}],"collection":[{"href":"https:\/\/ww2.fjeldskaar.com\/index.php\/wp-json\/wp\/v2\/pages"}],"about":[{"href":"https:\/\/ww2.fjeldskaar.com\/index.php\/wp-json\/wp\/v2\/types\/page"}],"author":[{"embeddable":true,"href":"https:\/\/ww2.fjeldskaar.com\/index.php\/wp-json\/wp\/v2\/users\/1"}],"replies":[{"embeddable":true,"href":"https:\/\/ww2.fjeldskaar.com\/index.php\/wp-json\/wp\/v2\/comments?post=7648"}],"version-history":[{"count":11,"href":"https:\/\/ww2.fjeldskaar.com\/index.php\/wp-json\/wp\/v2\/pages\/7648\/revisions"}],"predecessor-version":[{"id":7971,"href":"https:\/\/ww2.fjeldskaar.com\/index.php\/wp-json\/wp\/v2\/pages\/7648\/revisions\/7971"}],"up":[{"embeddable":true,"href":"https:\/\/ww2.fjeldskaar.com\/index.php\/wp-json\/wp\/v2\/pages\/9"}],"wp:attachment":[{"href":"https:\/\/ww2.fjeldskaar.com\/index.php\/wp-json\/wp\/v2\/media?parent=7648"}],"curies":[{"name":"wp","href":"https:\/\/api.w.org\/{rel}","templated":true}]}}